{"id":154,"date":"2020-03-18T19:59:32","date_gmt":"2020-03-18T19:59:32","guid":{"rendered":"https:\/\/varadorlescala.com\/?page_id=154"},"modified":"2020-11-04T13:27:52","modified_gmt":"2020-11-04T13:27:52","slug":"cookies","status":"publish","type":"page","link":"https:\/\/varadorlescala.com\/es\/cookies\/","title":{"rendered":"Cookies"},"content":{"rendered":"\t\t<div data-elementor-type=\"wp-page\" data-elementor-id=\"154\" class=\"elementor elementor-154\" data-elementor-post-type=\"page\">\n\t\t\t\t\t\t<section class=\"elementor-section elementor-top-section elementor-element elementor-element-e2babf8 elementor-section-boxed elementor-section-height-default elementor-section-height-default\" data-id=\"e2babf8\" data-element_type=\"section\" data-e-type=\"section\">\n\t\t\t\t\t\t<div class=\"elementor-container elementor-column-gap-default\">\n\t\t\t\t\t<div class=\"elementor-column elementor-col-100 elementor-top-column elementor-element elementor-element-cfee827\" data-id=\"cfee827\" data-element_type=\"column\" data-e-type=\"column\">\n\t\t\t<div class=\"elementor-widget-wrap elementor-element-populated\">\n\t\t\t\t\t\t<div class=\"elementor-element elementor-element-6b35768 elementor-widget elementor-widget-heading\" data-id=\"6b35768\" data-element_type=\"widget\" data-e-type=\"widget\" data-widget_type=\"heading.default\">\n\t\t\t\t<div class=\"elementor-widget-container\">\n\t\t\t\t\t<h1 class=\"elementor-heading-title elementor-size-default\">Cookies<\/h1>\t\t\t\t<\/div>\n\t\t\t\t<\/div>\n\t\t\t\t<div class=\"elementor-element elementor-element-5285a75 elementor-widget elementor-widget-text-editor\" data-id=\"5285a75\" data-element_type=\"widget\" data-e-type=\"widget\" data-widget_type=\"text-editor.default\">\n\t\t\t\t<div class=\"elementor-widget-container\">\n\t\t\t\t\t\t\t\t\t<p><!-- \/wp:heading --><!-- wp:paragraph --><\/p>\n<p>ESCAR L&#8217;ESCALA SL, con domicilio en Port la Clota s\/n de l\u2019Escala, responsable del tratamiento de datos, utiliza Cookies con la finalidad de monitorizar los h\u00e1bitos de navegaci\u00f3n de los usuarios en esta p\u00e1gina web, seg\u00fan lo indicado en la presente pol\u00edtica.<\/p>\n<h4><strong>\u00bfQu\u00e9 es una Cookie?:<\/strong><\/h4>\n<p>Una Cookie es un fichero que se descarga en el dispositivo electr\u00f3nico del usuario cuando accede a determinadas p\u00e1ginas web para almacenar y recuperar informaci\u00f3n sbre la navegaci\u00f3n que se efect\u00faa des del mismo equipo.<\/p>\n<h4><strong>Tipo de Cookies utilizadas en esta p\u00e1gina web y tratamiento de datos para las Cookies:<\/strong><\/h4>\n<p>En este sitio Web se permite \u00fanicamente a la utilizaci\u00f3n de las siguientes Cookies de las siguientes herramientas:<\/p>\n<p><strong>Cookies necesarias:<\/strong><\/p>\n<ol>\n<li>cookielawinfo-checkbox-necessary: Determina si el visitante ha aceptado la casilla de con sentimiento de cookies.\u00a0<\/li>\n<li>cookielawinfo-checkbox-non-necessary: Determina si el visitante ha aceptado la casilla de consentimiento de cookies.<\/li>\n<li>elementor: Utilizada en relaci\u00f3n al tema de WordPress de la web. La cookie permite al propietario de la web implementar o cambiar el contenido de la web en tiempo real.<\/li>\n<\/ol>\n<p><strong>Cookies de preferencias:<\/strong><\/p>\n<ol>\n<li>wp-wpml_current_language: Designa el c\u00f3digo de pa\u00eds que se calcula seg\u00fan la direcci\u00f3n IP del u su ario. Utilizada para determinar qu\u00e9 idioma deber\u00eda usarse para usuarios.<\/li>\n<\/ol>\n<p><strong>Cookies de estad\u00edstica:<\/strong><\/p>\n<ol>\n<li>_ga: Registra un a identificaci\u00f3n \u00fanica que se utiliza para generar datos estad\u00edsticos acerca de c\u00f3mo utiliza el visitan te el sitio web.<\/li>\n<li>_gat: Utilizado por Google Analytics para controlar la tasa de peticiones<\/li>\n<li>_gid: Registra u n a identificaci\u00f3n \u00fanica que se utiliza para generar datos estad\u00edsticos acerca de c\u00f3mo utiliza el visitan te el sitio web.\u00a0<\/li>\n<\/ol>\n<!--<p>Google Analytics:<\/p>\n<ol>\n<li>Tercer responsable: Google Inc, sociedad de Delaware con oficina principal en 1600\u00a0Amphitheatre Parkway, Mountain View (California) CA 94043, EE.UU.<\/li>\n<li>Informaci\u00f3n captada por Google y facilitada a ESCAR L'ESCALA SL: Google Analytics capta las interacciones de los usuarios en el sitio Web.<\/li>\n<li>Finalidad: Permitir a los propietarios del sitio Web conocer los h\u00e1bitos de navegaci\u00f3n de sus usuarios. La finalidad del tratamiento llevadoa cabo por Google es el an\u00e1lisis y medida de datos para suministrar los servicios a sus clientes.<\/li>\n<li>Desactivaci\u00f3n: el Usuario podr\u00e1 revocaren cualquier momento el consentimiento prestado comunic\u00e1ndolo al ESCAR L'ESCALA SL a trav\u00e9s del e-mail indicado.<\/li>\n<\/ol>-->\n<p>Redes sociales:\u00a0en el caso que se inicie sesi\u00f3n a trav\u00e9s de alguna red social [Facebook, Instagram, Twitter],estas plataformas crean una serie de Cookies t\u00e9cnicas y anal\u00edticas que tienen, entre otras funciones, la de conocer la informaci\u00f3n del Usuario que ha iniciado sesi\u00f3n a trav\u00e9s de tales plataformas. En este caso, el Usuario deber\u00e1 aceptar la pol\u00edtica de acceso y condiciones generales de las citadas plataformas.<\/p>\n<h4><strong>Base jur\u00eddica, per\u00edodo de retenci\u00f3n y transferencias internacionales de datos:<\/strong><\/h4>\n<p>El tratamiento de sus datos personales es necesaria para las finalidades anteriormente indicadas y su base jur\u00eddica es el consentimiento del usuario, quien lo otorga al hacer click en el bot\u00f3n \u2018aceptar\u2019 del banner informativo que se encuentra en el pie de cada p\u00e1gina.<\/p>\n<p>Las Cookies de terceros pertenecen a Google, quien est\u00e1 adherido al Marco del Escudo de Privacidad U.E. \u2013 EE. UU. Los datos no ser\u00e1n comunicados a terceros, excepto en los casos previstos en la pol\u00edtica de privacidad.<\/p>\n<h4><strong>Acceptaci\u00f3n de la Pol\u00edtica de Cookies:<\/strong><\/h4>\n<p>Este sitio Web, con el objetivo de cumplir con la normativa vigente sobre el uso de las Cookies, muestra la informaci\u00f3n de su pol\u00edtica de Cookies en el pie de todas las p\u00e1ginas del portal.<\/p>\n<p>En este caso, el Usuario puede optar por:<\/p>\n<ul>\n<li>Aceptar: en tal caso, no se volver\u00e1 a visualizar este aviso durante la navegaci\u00f3n por el sitio Web.<\/li>\n<li>Seguir navegando sin aceptar expresamente: en tal caso, se entender\u00e1 que el Usuario acepta t\u00e1citamente la pol\u00edtica de Cookies.<\/li>\n<li>Dejar de navegar por el sitio Web.<\/li>\n<\/ul>\n<h4><strong>Derechos de los Usuarios:<\/strong><\/h4>\n<p>El usuario podr\u00e1 ejercer los derechos de acceso, rectificaci\u00f3n, supresi\u00f3n, oposici\u00f3n, limitaci\u00f3n del tratamiento y portabilidad, cuando correspondan; as\u00ed como revocar su consentimiento, con respecto al tratamiento responsabilidad del ESCAR L&#8217;ESCALA SL, a trav\u00e9s de los canales de comunicaci\u00f3n establecidos en esta p\u00e1gina Web. Asimismo, el Usuario tiene derecho a presentar una reclamaci\u00f3n ante una autoridad de control competente. En Espa\u00f1a, esta autoridad es la Agencia Espa\u00f1ola de Protecci\u00f3n de Datos.<\/p>\t\t\t\t\t\t\t\t<\/div>\n\t\t\t\t<\/div>\n\t\t\t\t\t<\/div>\n\t\t<\/div>\n\t\t\t\t\t<\/div>\n\t\t<\/section>\n\t\t\t\t<\/div>\n\t\t","protected":false},"excerpt":{"rendered":"<p>ESCAR L&#8217;ESCALA SL, con domicilio en Port la Clota s\/n de l\u2019Escala, responsable del tratamiento de datos, utiliza Cookies con la finalidad de monitorizar los h\u00e1bitos de navegaci\u00f3n de los usuarios en esta p\u00e1gina web, seg\u00fan lo indicado en la presente pol\u00edtica. \u00bfQu\u00e9 es una Cookie?: Una Cookie es un fichero que se descarga en &hellip;<\/p>\n<p class=\"read-more\"> <a class=\"\" href=\"https:\/\/varadorlescala.com\/es\/cookies\/\"> <span class=\"screen-reader-text\">Cookies<\/span> Leer m\u00e1s &raquo;<\/a><\/p>\n","protected":false},"author":5,"featured_media":0,"parent":0,"menu_order":0,"comment_status":"closed","ping_status":"closed","template":"","meta":{"footnotes":""},"class_list":["post-154","page","type-page","status-publish","hentry"],"yoast_head":"<!-- This site is optimized with the Yoast SEO plugin v27.5 - https:\/\/yoast.com\/product\/yoast-seo-wordpress\/ -->\n<title>Cookies - Varador L&#039;Escala<\/title>\n<meta name=\"robots\" content=\"index, follow, max-snippet:-1, max-image-preview:large, max-video-preview:-1\" \/>\n<link rel=\"canonical\" href=\"https:\/\/varadorlescala.com\/es\/cookies\/\" \/>\n<meta property=\"og:locale\" content=\"es_ES\" \/>\n<meta property=\"og:type\" content=\"article\" \/>\n<meta property=\"og:title\" content=\"Cookies - Varador L&#039;Escala\" \/>\n<meta property=\"og:description\" content=\"ESCAR L&#8217;ESCALA SL, con domicilio en Port la Clota s\/n de l\u2019Escala, responsable del tratamiento de datos, utiliza Cookies con la finalidad de monitorizar los h\u00e1bitos de navegaci\u00f3n de los usuarios en esta p\u00e1gina web, seg\u00fan lo indicado en la presente pol\u00edtica. \u00bfQu\u00e9 es una Cookie?: Una Cookie es un fichero que se descarga en &hellip; Cookies Leer m\u00e1s &raquo;\" \/>\n<meta property=\"og:url\" content=\"https:\/\/varadorlescala.com\/es\/cookies\/\" \/>\n<meta property=\"og:site_name\" content=\"Varador L&#039;Escala\" \/>\n<meta property=\"article:publisher\" content=\"https:\/\/www.facebook.com\/varadorlescala\/\" \/>\n<meta property=\"article:modified_time\" content=\"2020-11-04T13:27:52+00:00\" \/>\n<meta name=\"twitter:card\" content=\"summary_large_image\" \/>\n<meta name=\"twitter:label1\" content=\"Tiempo de lectura\" \/>\n\t<meta name=\"twitter:data1\" content=\"3 minutos\" \/>\n<script type=\"application\/ld+json\" class=\"yoast-schema-graph\">{\"@context\":\"https:\\\/\\\/schema.org\",\"@graph\":[{\"@type\":\"WebPage\",\"@id\":\"https:\\\/\\\/varadorlescala.com\\\/es\\\/cookies\\\/\",\"url\":\"https:\\\/\\\/varadorlescala.com\\\/es\\\/cookies\\\/\",\"name\":\"Cookies - Varador L&#039;Escala\",\"isPartOf\":{\"@id\":\"https:\\\/\\\/varadorlescala.com\\\/es\\\/#website\"},\"datePublished\":\"2020-03-18T19:59:32+00:00\",\"dateModified\":\"2020-11-04T13:27:52+00:00\",\"breadcrumb\":{\"@id\":\"https:\\\/\\\/varadorlescala.com\\\/es\\\/cookies\\\/#breadcrumb\"},\"inLanguage\":\"es\",\"potentialAction\":[{\"@type\":\"ReadAction\",\"target\":[\"https:\\\/\\\/varadorlescala.com\\\/es\\\/cookies\\\/\"]}]},{\"@type\":\"BreadcrumbList\",\"@id\":\"https:\\\/\\\/varadorlescala.com\\\/es\\\/cookies\\\/#breadcrumb\",\"itemListElement\":[{\"@type\":\"ListItem\",\"position\":1,\"name\":\"Home\",\"item\":\"https:\\\/\\\/varadorlescala.com\\\/es\\\/\"},{\"@type\":\"ListItem\",\"position\":2,\"name\":\"Cookies\"}]},{\"@type\":\"WebSite\",\"@id\":\"https:\\\/\\\/varadorlescala.com\\\/es\\\/#website\",\"url\":\"https:\\\/\\\/varadorlescala.com\\\/es\\\/\",\"name\":\"Varador L&#039;Escala\",\"description\":\"Varador L&#039;Escala\",\"publisher\":{\"@id\":\"https:\\\/\\\/varadorlescala.com\\\/es\\\/#organization\"},\"potentialAction\":[{\"@type\":\"SearchAction\",\"target\":{\"@type\":\"EntryPoint\",\"urlTemplate\":\"https:\\\/\\\/varadorlescala.com\\\/es\\\/?s={search_term_string}\"},\"query-input\":{\"@type\":\"PropertyValueSpecification\",\"valueRequired\":true,\"valueName\":\"search_term_string\"}}],\"inLanguage\":\"es\"},{\"@type\":\"Organization\",\"@id\":\"https:\\\/\\\/varadorlescala.com\\\/es\\\/#organization\",\"name\":\"Varador L'Escala\",\"url\":\"https:\\\/\\\/varadorlescala.com\\\/es\\\/\",\"logo\":{\"@type\":\"ImageObject\",\"inLanguage\":\"es\",\"@id\":\"https:\\\/\\\/varadorlescala.com\\\/es\\\/#\\\/schema\\\/logo\\\/image\\\/\",\"url\":\"https:\\\/\\\/varadorlescala.com\\\/wp-content\\\/uploads\\\/2020\\\/03\\\/varador-lescala-logo@3x.png\",\"contentUrl\":\"https:\\\/\\\/varadorlescala.com\\\/wp-content\\\/uploads\\\/2020\\\/03\\\/varador-lescala-logo@3x.png\",\"width\":525,\"height\":168,\"caption\":\"Varador L'Escala\"},\"image\":{\"@id\":\"https:\\\/\\\/varadorlescala.com\\\/es\\\/#\\\/schema\\\/logo\\\/image\\\/\"},\"sameAs\":[\"https:\\\/\\\/www.facebook.com\\\/varadorlescala\\\/\"]}]}<\/script>\n<!-- \/ Yoast SEO plugin. -->","yoast_head_json":{"title":"Cookies - Varador L&#039;Escala","robots":{"index":"index","follow":"follow","max-snippet":"max-snippet:-1","max-image-preview":"max-image-preview:large","max-video-preview":"max-video-preview:-1"},"canonical":"https:\/\/varadorlescala.com\/es\/cookies\/","og_locale":"es_ES","og_type":"article","og_title":"Cookies - Varador L&#039;Escala","og_description":"ESCAR L&#8217;ESCALA SL, con domicilio en Port la Clota s\/n de l\u2019Escala, responsable del tratamiento de datos, utiliza Cookies con la finalidad de monitorizar los h\u00e1bitos de navegaci\u00f3n de los usuarios en esta p\u00e1gina web, seg\u00fan lo indicado en la presente pol\u00edtica. \u00bfQu\u00e9 es una Cookie?: Una Cookie es un fichero que se descarga en &hellip; Cookies Leer m\u00e1s &raquo;","og_url":"https:\/\/varadorlescala.com\/es\/cookies\/","og_site_name":"Varador L&#039;Escala","article_publisher":"https:\/\/www.facebook.com\/varadorlescala\/","article_modified_time":"2020-11-04T13:27:52+00:00","twitter_card":"summary_large_image","twitter_misc":{"Tiempo de lectura":"3 minutos"},"schema":{"@context":"https:\/\/schema.org","@graph":[{"@type":"WebPage","@id":"https:\/\/varadorlescala.com\/es\/cookies\/","url":"https:\/\/varadorlescala.com\/es\/cookies\/","name":"Cookies - Varador L&#039;Escala","isPartOf":{"@id":"https:\/\/varadorlescala.com\/es\/#website"},"datePublished":"2020-03-18T19:59:32+00:00","dateModified":"2020-11-04T13:27:52+00:00","breadcrumb":{"@id":"https:\/\/varadorlescala.com\/es\/cookies\/#breadcrumb"},"inLanguage":"es","potentialAction":[{"@type":"ReadAction","target":["https:\/\/varadorlescala.com\/es\/cookies\/"]}]},{"@type":"BreadcrumbList","@id":"https:\/\/varadorlescala.com\/es\/cookies\/#breadcrumb","itemListElement":[{"@type":"ListItem","position":1,"name":"Home","item":"https:\/\/varadorlescala.com\/es\/"},{"@type":"ListItem","position":2,"name":"Cookies"}]},{"@type":"WebSite","@id":"https:\/\/varadorlescala.com\/es\/#website","url":"https:\/\/varadorlescala.com\/es\/","name":"Varador L&#039;Escala","description":"Varador L&#039;Escala","publisher":{"@id":"https:\/\/varadorlescala.com\/es\/#organization"},"potentialAction":[{"@type":"SearchAction","target":{"@type":"EntryPoint","urlTemplate":"https:\/\/varadorlescala.com\/es\/?s={search_term_string}"},"query-input":{"@type":"PropertyValueSpecification","valueRequired":true,"valueName":"search_term_string"}}],"inLanguage":"es"},{"@type":"Organization","@id":"https:\/\/varadorlescala.com\/es\/#organization","name":"Varador L'Escala","url":"https:\/\/varadorlescala.com\/es\/","logo":{"@type":"ImageObject","inLanguage":"es","@id":"https:\/\/varadorlescala.com\/es\/#\/schema\/logo\/image\/","url":"https:\/\/varadorlescala.com\/wp-content\/uploads\/2020\/03\/varador-lescala-logo@3x.png","contentUrl":"https:\/\/varadorlescala.com\/wp-content\/uploads\/2020\/03\/varador-lescala-logo@3x.png","width":525,"height":168,"caption":"Varador L'Escala"},"image":{"@id":"https:\/\/varadorlescala.com\/es\/#\/schema\/logo\/image\/"},"sameAs":["https:\/\/www.facebook.com\/varadorlescala\/"]}]}},"_links":{"self":[{"href":"https:\/\/varadorlescala.com\/es\/wp-json\/wp\/v2\/pages\/154","targetHints":{"allow":["GET"]}}],"collection":[{"href":"https:\/\/varadorlescala.com\/es\/wp-json\/wp\/v2\/pages"}],"about":[{"href":"https:\/\/varadorlescala.com\/es\/wp-json\/wp\/v2\/types\/page"}],"author":[{"embeddable":true,"href":"https:\/\/varadorlescala.com\/es\/wp-json\/wp\/v2\/users\/5"}],"replies":[{"embeddable":true,"href":"https:\/\/varadorlescala.com\/es\/wp-json\/wp\/v2\/comments?post=154"}],"version-history":[{"count":5,"href":"https:\/\/varadorlescala.com\/es\/wp-json\/wp\/v2\/pages\/154\/revisions"}],"predecessor-version":[{"id":2610,"href":"https:\/\/varadorlescala.com\/es\/wp-json\/wp\/v2\/pages\/154\/revisions\/2610"}],"wp:attachment":[{"href":"https:\/\/varadorlescala.com\/es\/wp-json\/wp\/v2\/media?parent=154"}],"curies":[{"name":"wp","href":"https:\/\/api.w.org\/{rel}","templated":true}]}}