{"id":356,"date":"2020-03-23T01:58:10","date_gmt":"2020-03-23T01:58:10","guid":{"rendered":"https:\/\/varadorlescala.com\/?page_id=356"},"modified":"2026-02-16T11:51:49","modified_gmt":"2026-02-16T11:51:49","slug":"solicita-presupuesto","status":"publish","type":"page","link":"https:\/\/varadorlescala.com\/es\/solicita-presupuesto\/","title":{"rendered":"Solicita presupuesto"},"content":{"rendered":"\t\t<div data-elementor-type=\"wp-page\" data-elementor-id=\"356\" class=\"elementor elementor-356\" data-elementor-post-type=\"page\">\n\t\t\t\t\t\t<section class=\"elementor-section elementor-top-section elementor-element elementor-element-1703c771 varader-section elementor-section-boxed elementor-section-height-default elementor-section-height-default\" data-id=\"1703c771\" data-element_type=\"section\" data-e-type=\"section\">\n\t\t\t\t\t\t<div class=\"elementor-container elementor-column-gap-default\">\n\t\t\t\t\t<div class=\"elementor-column elementor-col-100 elementor-top-column elementor-element elementor-element-485c0683\" data-id=\"485c0683\" data-element_type=\"column\" data-e-type=\"column\">\n\t\t\t<div class=\"elementor-widget-wrap elementor-element-populated\">\n\t\t\t\t\t\t<div class=\"elementor-element elementor-element-10585852 elementor-widget elementor-widget-text-editor\" data-id=\"10585852\" data-element_type=\"widget\" data-e-type=\"widget\" data-widget_type=\"text-editor.default\">\n\t\t\t\t<div class=\"elementor-widget-container\">\n\t\t\t\t\t\t\t\t\t<h1>Solicita tu presupuesto<\/h1><h3>P\u00eddenos un presupuesto sin compromiso<\/h3>\t\t\t\t\t\t\t\t<\/div>\n\t\t\t\t<\/div>\n\t\t\t\t<section class=\"elementor-section elementor-inner-section elementor-element elementor-element-1e8722c elementor-section-boxed elementor-section-height-default elementor-section-height-default\" data-id=\"1e8722c\" data-element_type=\"section\" data-e-type=\"section\">\n\t\t\t\t\t\t<div class=\"elementor-container elementor-column-gap-default\">\n\t\t\t\t\t<div class=\"elementor-column elementor-col-100 elementor-inner-column elementor-element elementor-element-219d7e6\" data-id=\"219d7e6\" data-element_type=\"column\" data-e-type=\"column\">\n\t\t\t<div class=\"elementor-widget-wrap elementor-element-populated\">\n\t\t\t\t\t\t<div class=\"elementor-element elementor-element-72a4240 elementor-button-align-start elementor-widget elementor-widget-form\" data-id=\"72a4240\" data-element_type=\"widget\" data-e-type=\"widget\" id=\"presupuesto-form\" data-settings=\"{&quot;step_next_label&quot;:&quot;Next&quot;,&quot;step_previous_label&quot;:&quot;Previous&quot;,&quot;step_type&quot;:&quot;number_text&quot;,&quot;step_icon_shape&quot;:&quot;circle&quot;}\" data-widget_type=\"form.default\">\n\t\t\t\t<div class=\"elementor-widget-container\">\n\t\t\t\t\t\t\t<form class=\"elementor-form\" method=\"post\" name=\"New Form\" aria-label=\"New Form\">\n\t\t\t<input type=\"hidden\" name=\"post_id\" value=\"356\"\/>\n\t\t\t<input type=\"hidden\" name=\"form_id\" value=\"72a4240\"\/>\n\t\t\t<input type=\"hidden\" name=\"referer_title\" value=\"Solicita presupuesto - Varador L&#039;Escala\" \/>\n\n\t\t\t\t\t\t\t<input type=\"hidden\" name=\"queried_id\" value=\"356\"\/>\n\t\t\t\n\t\t\t<div class=\"elementor-form-fields-wrapper elementor-labels-above\">\n\t\t\t\t\t\t\t\t<div class=\"elementor-field-type-html elementor-field-group elementor-column elementor-field-group-field_558e3fc elementor-col-100\">\n\t\t\t\t\t<h4>Datos<\/h4>\n<p>Ind\u00edcanos los siguientes datos para que podamos dirigirnos a ti de la forma m\u00e1s adecuada.<\/p>\t\t\t\t<\/div>\n\t\t\t\t\t\t\t\t<div class=\"elementor-field-type-text elementor-field-group elementor-column elementor-field-group-name elementor-col-33 elementor-field-required elementor-mark-required\">\n\t\t\t\t\t\t\t\t\t\t\t\t<label for=\"form-field-name\" class=\"elementor-field-label\">\n\t\t\t\t\t\t\t\tNombre y apellidos\t\t\t\t\t\t\t<\/label>\n\t\t\t\t\t\t\t\t\t\t\t\t\t\t<input size=\"1\" type=\"text\" name=\"form_fields[name]\" id=\"form-field-name\" class=\"elementor-field elementor-size-sm  elementor-field-textual\" required=\"required\">\n\t\t\t\t\t\t\t\t\t\t\t<\/div>\n\t\t\t\t\t\t\t\t<div class=\"elementor-field-type-text elementor-field-group elementor-column elementor-field-group-field_511fefc elementor-col-33 elementor-field-required elementor-mark-required\">\n\t\t\t\t\t\t\t\t\t\t\t\t<label for=\"form-field-field_511fefc\" class=\"elementor-field-label\">\n\t\t\t\t\t\t\t\tTel\u00e9fono\t\t\t\t\t\t\t<\/label>\n\t\t\t\t\t\t\t\t\t\t\t\t\t\t<input size=\"1\" type=\"text\" name=\"form_fields[field_511fefc]\" id=\"form-field-field_511fefc\" class=\"elementor-field elementor-size-sm  elementor-field-textual\" required=\"required\">\n\t\t\t\t\t\t\t\t\t\t\t<\/div>\n\t\t\t\t\t\t\t\t<div class=\"elementor-field-type-text elementor-field-group elementor-column elementor-field-group-email elementor-col-33 elementor-field-required elementor-mark-required\">\n\t\t\t\t\t\t\t\t\t\t\t\t<label for=\"form-field-email\" class=\"elementor-field-label\">\n\t\t\t\t\t\t\t\tDNI\t\t\t\t\t\t\t<\/label>\n\t\t\t\t\t\t\t\t\t\t\t\t\t\t<input size=\"1\" type=\"text\" name=\"form_fields[email]\" id=\"form-field-email\" class=\"elementor-field elementor-size-sm  elementor-field-textual\" required=\"required\">\n\t\t\t\t\t\t\t\t\t\t\t<\/div>\n\t\t\t\t\t\t\t\t<div class=\"elementor-field-type-text elementor-field-group elementor-column elementor-field-group-field_d2732b0 elementor-col-33 elementor-field-required elementor-mark-required\">\n\t\t\t\t\t\t\t\t\t\t\t\t<label for=\"form-field-field_d2732b0\" class=\"elementor-field-label\">\n\t\t\t\t\t\t\t\tDirecci\u00f3n postal\t\t\t\t\t\t\t<\/label>\n\t\t\t\t\t\t\t\t\t\t\t\t\t\t<input size=\"1\" type=\"text\" name=\"form_fields[field_d2732b0]\" id=\"form-field-field_d2732b0\" class=\"elementor-field elementor-size-sm  elementor-field-textual\" required=\"required\">\n\t\t\t\t\t\t\t\t\t\t\t<\/div>\n\t\t\t\t\t\t\t\t<div class=\"elementor-field-type-email elementor-field-group elementor-column elementor-field-group-field_d735768 elementor-col-33 elementor-field-required elementor-mark-required\">\n\t\t\t\t\t\t\t\t\t\t\t\t<label for=\"form-field-field_d735768\" class=\"elementor-field-label\">\n\t\t\t\t\t\t\t\tEmail\t\t\t\t\t\t\t<\/label>\n\t\t\t\t\t\t\t\t\t\t\t\t\t\t<input size=\"1\" type=\"email\" name=\"form_fields[field_d735768]\" id=\"form-field-field_d735768\" class=\"elementor-field elementor-size-sm  elementor-field-textual\" required=\"required\">\n\t\t\t\t\t\t\t\t\t\t\t<\/div>\n\t\t\t\t\t\t\t\t<div class=\"elementor-field-type-text elementor-field-group elementor-column elementor-field-group-field_c0cc896 elementor-col-33 elementor-field-required elementor-mark-required\">\n\t\t\t\t\t\t\t\t\t\t\t\t<label for=\"form-field-field_c0cc896\" class=\"elementor-field-label\">\n\t\t\t\t\t\t\t\tNombre del barco\t\t\t\t\t\t\t<\/label>\n\t\t\t\t\t\t\t\t\t\t\t\t\t\t<input size=\"1\" type=\"text\" name=\"form_fields[field_c0cc896]\" id=\"form-field-field_c0cc896\" class=\"elementor-field elementor-size-sm  elementor-field-textual\" required=\"required\">\n\t\t\t\t\t\t\t\t\t\t\t<\/div>\n\t\t\t\t\t\t\t\t<div class=\"elementor-field-type-text elementor-field-group elementor-column elementor-field-group-field_37a036d elementor-col-33\">\n\t\t\t\t\t\t\t\t\t\t\t\t<label for=\"form-field-field_37a036d\" class=\"elementor-field-label\">\n\t\t\t\t\t\t\t\tMarca del barco\t\t\t\t\t\t\t<\/label>\n\t\t\t\t\t\t\t\t\t\t\t\t\t\t<input size=\"1\" type=\"text\" name=\"form_fields[field_37a036d]\" id=\"form-field-field_37a036d\" class=\"elementor-field elementor-size-sm  elementor-field-textual\">\n\t\t\t\t\t\t\t\t\t\t\t<\/div>\n\t\t\t\t\t\t\t\t<div class=\"elementor-field-type-text elementor-field-group elementor-column elementor-field-group-field_eec7a20 elementor-col-33\">\n\t\t\t\t\t\t\t\t\t\t\t\t<label for=\"form-field-field_eec7a20\" class=\"elementor-field-label\">\n\t\t\t\t\t\t\t\tModelo del barco\t\t\t\t\t\t\t<\/label>\n\t\t\t\t\t\t\t\t\t\t\t\t\t\t<input size=\"1\" type=\"text\" name=\"form_fields[field_eec7a20]\" id=\"form-field-field_eec7a20\" class=\"elementor-field elementor-size-sm  elementor-field-textual\">\n\t\t\t\t\t\t\t\t\t\t\t<\/div>\n\t\t\t\t\t\t\t\t<div class=\"elementor-field-type-text elementor-field-group elementor-column elementor-field-group-field_0d0234d elementor-col-33 elementor-field-required elementor-mark-required\">\n\t\t\t\t\t\t\t\t\t\t\t\t<label for=\"form-field-field_0d0234d\" class=\"elementor-field-label\">\n\t\t\t\t\t\t\t\tEslora\t\t\t\t\t\t\t<\/label>\n\t\t\t\t\t\t\t\t\t\t\t\t\t\t<input size=\"1\" type=\"text\" name=\"form_fields[field_0d0234d]\" id=\"form-field-field_0d0234d\" class=\"elementor-field elementor-size-sm  elementor-field-textual\" required=\"required\">\n\t\t\t\t\t\t\t\t\t\t\t<\/div>\n\t\t\t\t\t\t\t\t<div class=\"elementor-field-type-text elementor-field-group elementor-column elementor-field-group-field_4e78270 elementor-col-33 elementor-field-required elementor-mark-required\">\n\t\t\t\t\t\t\t\t\t\t\t\t<label for=\"form-field-field_4e78270\" class=\"elementor-field-label\">\n\t\t\t\t\t\t\t\tN\u00famero de motores\t\t\t\t\t\t\t<\/label>\n\t\t\t\t\t\t\t\t\t\t\t\t\t\t<input size=\"1\" type=\"text\" name=\"form_fields[field_4e78270]\" id=\"form-field-field_4e78270\" class=\"elementor-field elementor-size-sm  elementor-field-textual\" required=\"required\">\n\t\t\t\t\t\t\t\t\t\t\t<\/div>\n\t\t\t\t\t\t\t\t<div class=\"elementor-field-type-upload elementor-field-group elementor-column elementor-field-group-field_7b99d24 elementor-col-33\">\n\t\t\t\t\t\t\t\t\t\t\t\t<label for=\"form-field-field_7b99d24\" class=\"elementor-field-label\">\n\t\t\t\t\t\t\t\tAdjunta los documentos de la embarcaci\u00f3n\t\t\t\t\t\t\t<\/label>\n\t\t\t\t\t\t\t\t<input type=\"file\" name=\"form_fields[field_7b99d24]\" id=\"form-field-field_7b99d24\" class=\"elementor-field elementor-size-sm  elementor-upload-field\">\n\n\t\t\t\t\t\t<\/div>\n\t\t\t\t\t\t\t\t<div class=\"elementor-field-type-html elementor-field-group elementor-column elementor-field-group-field_9f77de7 elementor-col-100\">\n\t\t\t\t\t<h4>Servicios<\/h4>\n<p>Selecciona los servicios que quieres disfrutar en el Varador Escar L\u2019Escala.<\/p>\t\t\t\t<\/div>\n\t\t\t\t\t\t\t\t<div class=\"elementor-field-type-checkbox elementor-field-group elementor-column elementor-field-group-field_f3198c1 elementor-col-25\">\n\t\t\t\t\t\t\t\t\t\t\t\t<label for=\"form-field-field_f3198c1\" class=\"elementor-field-label\">\n\t\t\t\t\t\t\t\tMantenimiento\t\t\t\t\t\t\t<\/label>\n\t\t\t\t\t\t<div class=\"elementor-field-subgroup  \"><span class=\"elementor-field-option\"><input type=\"checkbox\" value=\"Varada\" id=\"form-field-field_f3198c1-0\" name=\"form_fields[field_f3198c1][]\"> <label for=\"form-field-field_f3198c1-0\">Varada<\/label><\/span><span class=\"elementor-field-option\"><input type=\"checkbox\" value=\"Limpieza\" id=\"form-field-field_f3198c1-1\" name=\"form_fields[field_f3198c1][]\"> <label for=\"form-field-field_f3198c1-1\">Limpieza<\/label><\/span><span class=\"elementor-field-option\"><input type=\"checkbox\" value=\"Botadura\" id=\"form-field-field_f3198c1-2\" name=\"form_fields[field_f3198c1][]\"> <label for=\"form-field-field_f3198c1-2\">Botadura<\/label><\/span><\/div>\t\t\t\t<\/div>\n\t\t\t\t\t\t\t\t<div class=\"elementor-field-type-checkbox elementor-field-group elementor-column elementor-field-group-field_9f3209b elementor-col-25\">\n\t\t\t\t\t\t\t\t\t\t\t\t<label for=\"form-field-field_9f3209b\" class=\"elementor-field-label\">\n\t\t\t\t\t\t\t\tAntifouling\t\t\t\t\t\t\t<\/label>\n\t\t\t\t\t\t<div class=\"elementor-field-subgroup  \"><span class=\"elementor-field-option\"><input type=\"checkbox\" value=\"Casco\" id=\"form-field-field_9f3209b-0\" name=\"form_fields[field_9f3209b][]\"> <label for=\"form-field-field_9f3209b-0\">Casco<\/label><\/span><span class=\"elementor-field-option\"><input type=\"checkbox\" value=\"Colas\" id=\"form-field-field_9f3209b-1\" name=\"form_fields[field_9f3209b][]\"> <label for=\"form-field-field_9f3209b-1\">Colas<\/label><\/span><span class=\"elementor-field-option\"><input type=\"checkbox\" value=\"H\u00e9lices\" id=\"form-field-field_9f3209b-2\" name=\"form_fields[field_9f3209b][]\"> <label for=\"form-field-field_9f3209b-2\">H\u00e9lices<\/label><\/span><\/div>\t\t\t\t<\/div>\n\t\t\t\t\t\t\t\t<div class=\"elementor-field-type-checkbox elementor-field-group elementor-column elementor-field-group-field_bb6dfc0 elementor-col-25\">\n\t\t\t\t\t\t\t\t\t\t\t\t<label for=\"form-field-field_bb6dfc0\" class=\"elementor-field-label\">\n\t\t\t\t\t\t\t\tObra viva\t\t\t\t\t\t\t<\/label>\n\t\t\t\t\t\t<div class=\"elementor-field-subgroup  \"><span class=\"elementor-field-option\"><input type=\"checkbox\" value=\"Sorreo\" id=\"form-field-field_bb6dfc0-0\" name=\"form_fields[field_bb6dfc0][]\"> <label for=\"form-field-field_bb6dfc0-0\">Sorreo<\/label><\/span><span class=\"elementor-field-option\"><input type=\"checkbox\" value=\"Limpieza\" id=\"form-field-field_bb6dfc0-1\" name=\"form_fields[field_bb6dfc0][]\"> <label for=\"form-field-field_bb6dfc0-1\">Limpieza<\/label><\/span><span class=\"elementor-field-option\"><input type=\"checkbox\" value=\"Osmosis\" id=\"form-field-field_bb6dfc0-2\" name=\"form_fields[field_bb6dfc0][]\"> <label for=\"form-field-field_bb6dfc0-2\">Osmosis<\/label><\/span><\/div>\t\t\t\t<\/div>\n\t\t\t\t\t\t\t\t<div class=\"elementor-field-type-checkbox elementor-field-group elementor-column elementor-field-group-field_23abe69 elementor-col-25\">\n\t\t\t\t\t\t\t\t\t\t\t\t<label for=\"form-field-field_23abe69\" class=\"elementor-field-label\">\n\t\t\t\t\t\t\t\tObra muerta\t\t\t\t\t\t\t<\/label>\n\t\t\t\t\t\t<div class=\"elementor-field-subgroup  \"><span class=\"elementor-field-option\"><input type=\"checkbox\" value=\"Pulir\" id=\"form-field-field_23abe69-0\" name=\"form_fields[field_23abe69][]\"> <label for=\"form-field-field_23abe69-0\">Pulir<\/label><\/span><span class=\"elementor-field-option\"><input type=\"checkbox\" value=\"Limpieza\" id=\"form-field-field_23abe69-1\" name=\"form_fields[field_23abe69][]\"> <label for=\"form-field-field_23abe69-1\">Limpieza<\/label><\/span><span class=\"elementor-field-option\"><input type=\"checkbox\" value=\"Botadura\" id=\"form-field-field_23abe69-2\" name=\"form_fields[field_23abe69][]\"> <label for=\"form-field-field_23abe69-2\">Botadura<\/label><\/span><\/div>\t\t\t\t<\/div>\n\t\t\t\t\t\t\t\t<div class=\"elementor-field-type-html elementor-field-group elementor-column elementor-field-group-field_dbb06cb elementor-col-100\">\n\t\t\t\t\t<h4>En promoci\u00f3n<\/h4>\n<p>Si lo que quieres es disfrutar de una de nuestras promociones en lugar de un servicio del listado anterior, selecci\u00f3nala a continuaci\u00f3n.<\/p>\t\t\t\t<\/div>\n\t\t\t\t\t\t\t\t<div class=\"elementor-field-type-checkbox elementor-field-group elementor-column elementor-field-group-field_bf53a2d elementor-col-100\">\n\t\t\t\t\t<div class=\"elementor-field-subgroup  \"><span class=\"elementor-field-option\"><input type=\"checkbox\" value=\"Mantenimiento Expr\u00e9s\" id=\"form-field-field_bf53a2d-0\" name=\"form_fields[field_bf53a2d][]\"> <label for=\"form-field-field_bf53a2d-0\">Mantenimiento Expr\u00e9s<\/label><\/span><span class=\"elementor-field-option\"><input type=\"checkbox\" value=\"Pack invierno: Estancia 6 meses y mantenimiento de obra viva\" id=\"form-field-field_bf53a2d-1\" name=\"form_fields[field_bf53a2d][]\"> <label for=\"form-field-field_bf53a2d-1\">Pack invierno: Estancia 6 meses y mantenimiento de obra viva<\/label><\/span><span class=\"elementor-field-option\"><input type=\"checkbox\" value=\"Pack Limpieza Exterior Mensual\" id=\"form-field-field_bf53a2d-2\" name=\"form_fields[field_bf53a2d][]\"> <label for=\"form-field-field_bf53a2d-2\">Pack Limpieza Exterior Mensual<\/label><\/span><span class=\"elementor-field-option\"><input type=\"checkbox\" value=\"Inspecci\u00f3n T\u00e9cnica de Barcos (ITB)\" id=\"form-field-field_bf53a2d-3\" name=\"form_fields[field_bf53a2d][]\"> <label for=\"form-field-field_bf53a2d-3\">Inspecci\u00f3n T\u00e9cnica de Barcos (ITB)<\/label><\/span><span class=\"elementor-field-option\"><input type=\"checkbox\" value=\"Motores el\u00e9ctricos Pulsar Haswing\" id=\"form-field-field_bf53a2d-4\" name=\"form_fields[field_bf53a2d][]\"> <label for=\"form-field-field_bf53a2d-4\">Motores el\u00e9ctricos Pulsar Haswing<\/label><\/span><\/div>\t\t\t\t<\/div>\n\t\t\t\t\t\t\t\t<div class=\"elementor-field-type-html elementor-field-group elementor-column elementor-field-group-field_d0a2cf0 elementor-col-100\">\n\t\t\t\t\t<h4>Comentarios y observaciones<\/h4>\n<p>Puedes a\u00f1adir a continuaci\u00f3n cualquier comentario o aclaraci\u00f3n que desees.<\/p>\t\t\t\t<\/div>\n\t\t\t\t\t\t\t\t<div class=\"elementor-field-type-textarea elementor-field-group elementor-column elementor-field-group-field_4e028ae elementor-col-100\">\n\t\t\t\t\t<textarea class=\"elementor-field-textual elementor-field  elementor-size-sm\" name=\"form_fields[field_4e028ae]\" id=\"form-field-field_4e028ae\" rows=\"8\"><\/textarea>\t\t\t\t<\/div>\n\t\t\t\t\t\t\t\t<div class=\"elementor-field-type-acceptance elementor-field-group elementor-column elementor-field-group-field_d5751fc elementor-col-100 elementor-field-required elementor-mark-required\">\n\t\t\t\t\t\t\t<div class=\"elementor-field-subgroup\">\n\t\t\t<span class=\"elementor-field-option\">\n\t\t\t\t<input type=\"checkbox\" name=\"form_fields[field_d5751fc]\" id=\"form-field-field_d5751fc\" class=\"elementor-field elementor-size-sm  elementor-acceptance-field\" required=\"required\">\n\t\t\t\t<label for=\"form-field-field_d5751fc\">Acepto los <a href=\"https:\/\/varadorlescala.com\/es\/terminos-y-condiciones\/\" target=\"_blank\">t\u00e9rminos y condiciones<\/a> y la <a href=\"https:\/\/varadorlescala.com\/politica-privacidad\/\" target=\"_blank\">Pol\u00edtica de Privacidad<\/a>.<\/label>\t\t\t<\/span>\n\t\t<\/div>\n\t\t\t\t\t\t<\/div>\n\t\t\t\t\t\t\t\t<div class=\"elementor-field-type-recaptcha_v3 elementor-field-group elementor-column elementor-field-group-field_1e1d903 elementor-col-100 recaptcha_v3-bottomright\">\n\t\t\t\t\t<div class=\"elementor-field\" id=\"form-field-field_1e1d903\"><div class=\"elementor-g-recaptcha\" data-sitekey=\"6LesgTUaAAAAAODXx2iV7lwogOtCA-YxQwqoU_cS\" data-type=\"v3\" data-action=\"Form\" data-badge=\"bottomright\" data-size=\"invisible\"><\/div><\/div>\t\t\t\t<\/div>\n\t\t\t\t\t\t\t\t<div class=\"elementor-field-group elementor-column elementor-field-type-submit elementor-col-100 e-form__buttons\">\n\t\t\t\t\t<button class=\"elementor-button elementor-size-sm\" type=\"submit\">\n\t\t\t\t\t\t<span class=\"elementor-button-content-wrapper\">\n\t\t\t\t\t\t\t\t\t\t\t\t\t\t\t\t\t\t\t\t\t\t<span class=\"elementor-button-text\">Solicitar presupuesto<\/span>\n\t\t\t\t\t\t\t\t\t\t\t\t\t<\/span>\n\t\t\t\t\t<\/button>\n\t\t\t\t<\/div>\n\t\t\t<\/div>\n\t\t<\/form>\n\t\t\t\t\t\t<\/div>\n\t\t\t\t<\/div>\n\t\t\t\t\t<\/div>\n\t\t<\/div>\n\t\t\t\t\t<\/div>\n\t\t<\/section>\n\t\t\t\t\t<\/div>\n\t\t<\/div>\n\t\t\t\t\t<\/div>\n\t\t<\/section>\n\t\t\t\t<\/div>\n\t\t","protected":false},"excerpt":{"rendered":"<p>Solicita tu presupuesto P\u00eddenos un presupuesto sin compromiso<\/p>\n","protected":false},"author":5,"featured_media":0,"parent":0,"menu_order":0,"comment_status":"closed","ping_status":"closed","template":"","meta":{"footnotes":""},"class_list":["post-356","page","type-page","status-publish","hentry"],"yoast_head":"<!-- This site is optimized with the Yoast SEO plugin v27.5 - https:\/\/yoast.com\/product\/yoast-seo-wordpress\/ -->\n<title>Solicita presupuesto - Varador L&#039;Escala<\/title>\n<meta name=\"robots\" content=\"index, follow, max-snippet:-1, max-image-preview:large, max-video-preview:-1\" \/>\n<link rel=\"canonical\" href=\"https:\/\/varadorlescala.com\/es\/solicita-presupuesto\/\" \/>\n<meta property=\"og:locale\" content=\"es_ES\" \/>\n<meta property=\"og:type\" content=\"article\" \/>\n<meta property=\"og:title\" content=\"Solicita presupuesto - Varador L&#039;Escala\" \/>\n<meta property=\"og:description\" content=\"Solicita tu presupuesto P\u00eddenos un presupuesto sin compromiso\" \/>\n<meta property=\"og:url\" content=\"https:\/\/varadorlescala.com\/es\/solicita-presupuesto\/\" \/>\n<meta property=\"og:site_name\" content=\"Varador L&#039;Escala\" \/>\n<meta property=\"article:publisher\" content=\"https:\/\/www.facebook.com\/varadorlescala\/\" \/>\n<meta property=\"article:modified_time\" content=\"2026-02-16T11:51:49+00:00\" \/>\n<meta name=\"twitter:card\" content=\"summary_large_image\" \/>\n<meta name=\"twitter:label1\" content=\"Tiempo de lectura\" \/>\n\t<meta name=\"twitter:data1\" content=\"1 minuto\" \/>\n<script type=\"application\/ld+json\" class=\"yoast-schema-graph\">{\"@context\":\"https:\\\/\\\/schema.org\",\"@graph\":[{\"@type\":\"WebPage\",\"@id\":\"https:\\\/\\\/varadorlescala.com\\\/es\\\/solicita-presupuesto\\\/\",\"url\":\"https:\\\/\\\/varadorlescala.com\\\/es\\\/solicita-presupuesto\\\/\",\"name\":\"Solicita presupuesto - Varador L&#039;Escala\",\"isPartOf\":{\"@id\":\"https:\\\/\\\/varadorlescala.com\\\/es\\\/#website\"},\"datePublished\":\"2020-03-23T01:58:10+00:00\",\"dateModified\":\"2026-02-16T11:51:49+00:00\",\"breadcrumb\":{\"@id\":\"https:\\\/\\\/varadorlescala.com\\\/es\\\/solicita-presupuesto\\\/#breadcrumb\"},\"inLanguage\":\"es\",\"potentialAction\":[{\"@type\":\"ReadAction\",\"target\":[\"https:\\\/\\\/varadorlescala.com\\\/es\\\/solicita-presupuesto\\\/\"]}]},{\"@type\":\"BreadcrumbList\",\"@id\":\"https:\\\/\\\/varadorlescala.com\\\/es\\\/solicita-presupuesto\\\/#breadcrumb\",\"itemListElement\":[{\"@type\":\"ListItem\",\"position\":1,\"name\":\"Home\",\"item\":\"https:\\\/\\\/varadorlescala.com\\\/es\\\/\"},{\"@type\":\"ListItem\",\"position\":2,\"name\":\"Solicita presupuesto\"}]},{\"@type\":\"WebSite\",\"@id\":\"https:\\\/\\\/varadorlescala.com\\\/es\\\/#website\",\"url\":\"https:\\\/\\\/varadorlescala.com\\\/es\\\/\",\"name\":\"Varador L&#039;Escala\",\"description\":\"Varador L&#039;Escala\",\"publisher\":{\"@id\":\"https:\\\/\\\/varadorlescala.com\\\/es\\\/#organization\"},\"potentialAction\":[{\"@type\":\"SearchAction\",\"target\":{\"@type\":\"EntryPoint\",\"urlTemplate\":\"https:\\\/\\\/varadorlescala.com\\\/es\\\/?s={search_term_string}\"},\"query-input\":{\"@type\":\"PropertyValueSpecification\",\"valueRequired\":true,\"valueName\":\"search_term_string\"}}],\"inLanguage\":\"es\"},{\"@type\":\"Organization\",\"@id\":\"https:\\\/\\\/varadorlescala.com\\\/es\\\/#organization\",\"name\":\"Varador L'Escala\",\"url\":\"https:\\\/\\\/varadorlescala.com\\\/es\\\/\",\"logo\":{\"@type\":\"ImageObject\",\"inLanguage\":\"es\",\"@id\":\"https:\\\/\\\/varadorlescala.com\\\/es\\\/#\\\/schema\\\/logo\\\/image\\\/\",\"url\":\"https:\\\/\\\/varadorlescala.com\\\/wp-content\\\/uploads\\\/2020\\\/03\\\/varador-lescala-logo@3x.png\",\"contentUrl\":\"https:\\\/\\\/varadorlescala.com\\\/wp-content\\\/uploads\\\/2020\\\/03\\\/varador-lescala-logo@3x.png\",\"width\":525,\"height\":168,\"caption\":\"Varador L'Escala\"},\"image\":{\"@id\":\"https:\\\/\\\/varadorlescala.com\\\/es\\\/#\\\/schema\\\/logo\\\/image\\\/\"},\"sameAs\":[\"https:\\\/\\\/www.facebook.com\\\/varadorlescala\\\/\"]}]}<\/script>\n<!-- \/ Yoast SEO plugin. -->","yoast_head_json":{"title":"Solicita presupuesto - Varador L&#039;Escala","robots":{"index":"index","follow":"follow","max-snippet":"max-snippet:-1","max-image-preview":"max-image-preview:large","max-video-preview":"max-video-preview:-1"},"canonical":"https:\/\/varadorlescala.com\/es\/solicita-presupuesto\/","og_locale":"es_ES","og_type":"article","og_title":"Solicita presupuesto - Varador L&#039;Escala","og_description":"Solicita tu presupuesto P\u00eddenos un presupuesto sin compromiso","og_url":"https:\/\/varadorlescala.com\/es\/solicita-presupuesto\/","og_site_name":"Varador L&#039;Escala","article_publisher":"https:\/\/www.facebook.com\/varadorlescala\/","article_modified_time":"2026-02-16T11:51:49+00:00","twitter_card":"summary_large_image","twitter_misc":{"Tiempo de lectura":"1 minuto"},"schema":{"@context":"https:\/\/schema.org","@graph":[{"@type":"WebPage","@id":"https:\/\/varadorlescala.com\/es\/solicita-presupuesto\/","url":"https:\/\/varadorlescala.com\/es\/solicita-presupuesto\/","name":"Solicita presupuesto - Varador L&#039;Escala","isPartOf":{"@id":"https:\/\/varadorlescala.com\/es\/#website"},"datePublished":"2020-03-23T01:58:10+00:00","dateModified":"2026-02-16T11:51:49+00:00","breadcrumb":{"@id":"https:\/\/varadorlescala.com\/es\/solicita-presupuesto\/#breadcrumb"},"inLanguage":"es","potentialAction":[{"@type":"ReadAction","target":["https:\/\/varadorlescala.com\/es\/solicita-presupuesto\/"]}]},{"@type":"BreadcrumbList","@id":"https:\/\/varadorlescala.com\/es\/solicita-presupuesto\/#breadcrumb","itemListElement":[{"@type":"ListItem","position":1,"name":"Home","item":"https:\/\/varadorlescala.com\/es\/"},{"@type":"ListItem","position":2,"name":"Solicita presupuesto"}]},{"@type":"WebSite","@id":"https:\/\/varadorlescala.com\/es\/#website","url":"https:\/\/varadorlescala.com\/es\/","name":"Varador L&#039;Escala","description":"Varador L&#039;Escala","publisher":{"@id":"https:\/\/varadorlescala.com\/es\/#organization"},"potentialAction":[{"@type":"SearchAction","target":{"@type":"EntryPoint","urlTemplate":"https:\/\/varadorlescala.com\/es\/?s={search_term_string}"},"query-input":{"@type":"PropertyValueSpecification","valueRequired":true,"valueName":"search_term_string"}}],"inLanguage":"es"},{"@type":"Organization","@id":"https:\/\/varadorlescala.com\/es\/#organization","name":"Varador L'Escala","url":"https:\/\/varadorlescala.com\/es\/","logo":{"@type":"ImageObject","inLanguage":"es","@id":"https:\/\/varadorlescala.com\/es\/#\/schema\/logo\/image\/","url":"https:\/\/varadorlescala.com\/wp-content\/uploads\/2020\/03\/varador-lescala-logo@3x.png","contentUrl":"https:\/\/varadorlescala.com\/wp-content\/uploads\/2020\/03\/varador-lescala-logo@3x.png","width":525,"height":168,"caption":"Varador L'Escala"},"image":{"@id":"https:\/\/varadorlescala.com\/es\/#\/schema\/logo\/image\/"},"sameAs":["https:\/\/www.facebook.com\/varadorlescala\/"]}]}},"_links":{"self":[{"href":"https:\/\/varadorlescala.com\/es\/wp-json\/wp\/v2\/pages\/356","targetHints":{"allow":["GET"]}}],"collection":[{"href":"https:\/\/varadorlescala.com\/es\/wp-json\/wp\/v2\/pages"}],"about":[{"href":"https:\/\/varadorlescala.com\/es\/wp-json\/wp\/v2\/types\/page"}],"author":[{"embeddable":true,"href":"https:\/\/varadorlescala.com\/es\/wp-json\/wp\/v2\/users\/5"}],"replies":[{"embeddable":true,"href":"https:\/\/varadorlescala.com\/es\/wp-json\/wp\/v2\/comments?post=356"}],"version-history":[{"count":26,"href":"https:\/\/varadorlescala.com\/es\/wp-json\/wp\/v2\/pages\/356\/revisions"}],"predecessor-version":[{"id":6253,"href":"https:\/\/varadorlescala.com\/es\/wp-json\/wp\/v2\/pages\/356\/revisions\/6253"}],"wp:attachment":[{"href":"https:\/\/varadorlescala.com\/es\/wp-json\/wp\/v2\/media?parent=356"}],"curies":[{"name":"wp","href":"https:\/\/api.w.org\/{rel}","templated":true}]}}