{"id":1153,"date":"2020-04-22T02:07:31","date_gmt":"2020-04-22T02:07:31","guid":{"rendered":"https:\/\/varadorlescala.com\/nota-legal\/"},"modified":"2020-11-17T11:57:25","modified_gmt":"2020-11-17T11:57:25","slug":"note-legale","status":"publish","type":"page","link":"https:\/\/varadorlescala.com\/fr\/note-legale\/","title":{"rendered":"Nota legal"},"content":{"rendered":"\t\t<div data-elementor-type=\"wp-page\" data-elementor-id=\"1153\" class=\"elementor elementor-1153 elementor-152\" data-elementor-post-type=\"page\">\n\t\t\t\t\t\t<section class=\"elementor-section elementor-top-section elementor-element elementor-element-46e5db0 elementor-section-boxed elementor-section-height-default elementor-section-height-default\" data-id=\"46e5db0\" data-element_type=\"section\" data-e-type=\"section\">\n\t\t\t\t\t\t<div class=\"elementor-container elementor-column-gap-no\">\n\t\t\t\t\t<div class=\"elementor-column elementor-col-100 elementor-top-column elementor-element elementor-element-a1c826a\" data-id=\"a1c826a\" data-element_type=\"column\" data-e-type=\"column\">\n\t\t\t<div class=\"elementor-widget-wrap elementor-element-populated\">\n\t\t\t\t\t\t<div class=\"elementor-element elementor-element-5a81ea1 elementor-widget elementor-widget-heading\" data-id=\"5a81ea1\" data-element_type=\"widget\" data-e-type=\"widget\" data-widget_type=\"heading.default\">\n\t\t\t\t<div class=\"elementor-widget-container\">\n\t\t\t\t\t<h1 class=\"elementor-heading-title elementor-size-default\">Nota legal<\/h1>\t\t\t\t<\/div>\n\t\t\t\t<\/div>\n\t\t\t\t<div class=\"elementor-element elementor-element-1915594 elementor-widget elementor-widget-text-editor\" data-id=\"1915594\" data-element_type=\"widget\" data-e-type=\"widget\" data-widget_type=\"text-editor.default\">\n\t\t\t\t<div class=\"elementor-widget-container\">\n\t\t\t\t\t\t\t\t\t<p><\/p>\n<p>Lorem ipsum dolor sit amet. Lorem ipsum dolor sit amet. Lorem ipsum dolor sit amet. Lorem ipsum dolor sit amet. Lorem ipsum dolor sit amet. Lorem ipsum dolor sit amet. Lorem ipsum dolor sit amet. Lorem ipsum dolor sit amet. Lorem ipsum dolor sit amet. Lorem ipsum dolor sit amet. Lorem ipsum dolor sit amet. Lorem ipsum dolor sit amet. Lorem ipsum dolor sit amet.<\/p>\n<h3><span style=\"font-size: 1.5em; font-weight: bold;\">Qu\u00e9 datos personales recogemos y por qu\u00e9 los recogemos<\/span><\/h3>\n<p><\/p>\n<h3>Comentarios<\/h3>\n<p><\/p>\n<p>Cuando los visitantes dejan comentarios en la web, recopilamos los datos que se muestran en el formulario de comentarios, as\u00ed como la direcci\u00f3n IP del visitante y la cadena de agentes de usuario del navegador para ayudar a la detecci\u00f3n de spam.<\/p>\n\t\t\t\t\t\t\t\t<\/div>\n\t\t\t\t<\/div>\n\t\t\t\t\t<\/div>\n\t\t<\/div>\n\t\t\t\t\t<\/div>\n\t\t<\/section>\n\t\t\t\t<\/div>\n\t\t","protected":false},"excerpt":{"rendered":"<p>Lorem ipsum dolor sit amet. Lorem ipsum dolor sit amet. Lorem ipsum dolor sit amet. Lorem ipsum dolor sit amet. Lorem ipsum dolor sit amet. Lorem ipsum dolor sit amet. Lorem ipsum dolor sit amet. Lorem ipsum dolor sit amet. Lorem ipsum dolor sit amet. Lorem ipsum dolor sit amet. Lorem ipsum dolor sit amet. &hellip;<\/p>\n<p class=\"read-more\"> <a class=\"\" href=\"https:\/\/varadorlescala.com\/fr\/note-legale\/\"> <span class=\"screen-reader-text\">Nota legal<\/span> Lire la suite\u00a0\u00bb<\/a><\/p>\n","protected":false},"author":5,"featured_media":0,"parent":0,"menu_order":0,"comment_status":"closed","ping_status":"closed","template":"","meta":{"footnotes":""},"class_list":["post-1153","page","type-page","status-publish","hentry"],"yoast_head":"<!-- This site is optimized with the Yoast SEO plugin v27.5 - https:\/\/yoast.com\/product\/yoast-seo-wordpress\/ -->\n<title>Nota legal - Varador L&#039;Escala<\/title>\n<meta name=\"robots\" content=\"index, follow, max-snippet:-1, max-image-preview:large, max-video-preview:-1\" \/>\n<link rel=\"canonical\" href=\"https:\/\/varadorlescala.com\/fr\/note-legale\/\" \/>\n<meta property=\"og:locale\" content=\"fr_FR\" \/>\n<meta property=\"og:type\" content=\"article\" \/>\n<meta property=\"og:title\" content=\"Nota legal - Varador L&#039;Escala\" \/>\n<meta property=\"og:description\" content=\"Lorem ipsum dolor sit amet. Lorem ipsum dolor sit amet. Lorem ipsum dolor sit amet. Lorem ipsum dolor sit amet. Lorem ipsum dolor sit amet. Lorem ipsum dolor sit amet. Lorem ipsum dolor sit amet. Lorem ipsum dolor sit amet. Lorem ipsum dolor sit amet. Lorem ipsum dolor sit amet. Lorem ipsum dolor sit amet. &hellip; Nota legal Lire la suite\u00a0\u00bb\" \/>\n<meta property=\"og:url\" content=\"https:\/\/varadorlescala.com\/fr\/note-legale\/\" \/>\n<meta property=\"og:site_name\" content=\"Varador L&#039;Escala\" \/>\n<meta property=\"article:publisher\" content=\"https:\/\/www.facebook.com\/varadorlescala\/\" \/>\n<meta property=\"article:modified_time\" content=\"2020-11-17T11:57:25+00:00\" \/>\n<meta name=\"twitter:card\" content=\"summary_large_image\" \/>\n<meta name=\"twitter:label1\" content=\"Dur\u00e9e de lecture estim\u00e9e\" \/>\n\t<meta name=\"twitter:data1\" content=\"1 minute\" \/>\n<script type=\"application\/ld+json\" class=\"yoast-schema-graph\">{\"@context\":\"https:\\\/\\\/schema.org\",\"@graph\":[{\"@type\":\"WebPage\",\"@id\":\"https:\\\/\\\/varadorlescala.com\\\/fr\\\/note-legale\\\/\",\"url\":\"https:\\\/\\\/varadorlescala.com\\\/fr\\\/note-legale\\\/\",\"name\":\"Nota legal - Varador L&#039;Escala\",\"isPartOf\":{\"@id\":\"https:\\\/\\\/varadorlescala.com\\\/fr\\\/#website\"},\"datePublished\":\"2020-04-22T02:07:31+00:00\",\"dateModified\":\"2020-11-17T11:57:25+00:00\",\"breadcrumb\":{\"@id\":\"https:\\\/\\\/varadorlescala.com\\\/fr\\\/note-legale\\\/#breadcrumb\"},\"inLanguage\":\"fr-FR\",\"potentialAction\":[{\"@type\":\"ReadAction\",\"target\":[\"https:\\\/\\\/varadorlescala.com\\\/fr\\\/note-legale\\\/\"]}]},{\"@type\":\"BreadcrumbList\",\"@id\":\"https:\\\/\\\/varadorlescala.com\\\/fr\\\/note-legale\\\/#breadcrumb\",\"itemListElement\":[{\"@type\":\"ListItem\",\"position\":1,\"name\":\"Home\",\"item\":\"https:\\\/\\\/varadorlescala.com\\\/fr\\\/\"},{\"@type\":\"ListItem\",\"position\":2,\"name\":\"Nota legal\"}]},{\"@type\":\"WebSite\",\"@id\":\"https:\\\/\\\/varadorlescala.com\\\/fr\\\/#website\",\"url\":\"https:\\\/\\\/varadorlescala.com\\\/fr\\\/\",\"name\":\"Varador L&#039;Escala\",\"description\":\"Varador L&#039;Escala\",\"publisher\":{\"@id\":\"https:\\\/\\\/varadorlescala.com\\\/fr\\\/#organization\"},\"potentialAction\":[{\"@type\":\"SearchAction\",\"target\":{\"@type\":\"EntryPoint\",\"urlTemplate\":\"https:\\\/\\\/varadorlescala.com\\\/fr\\\/?s={search_term_string}\"},\"query-input\":{\"@type\":\"PropertyValueSpecification\",\"valueRequired\":true,\"valueName\":\"search_term_string\"}}],\"inLanguage\":\"fr-FR\"},{\"@type\":\"Organization\",\"@id\":\"https:\\\/\\\/varadorlescala.com\\\/fr\\\/#organization\",\"name\":\"Varador L'Escala\",\"url\":\"https:\\\/\\\/varadorlescala.com\\\/fr\\\/\",\"logo\":{\"@type\":\"ImageObject\",\"inLanguage\":\"fr-FR\",\"@id\":\"https:\\\/\\\/varadorlescala.com\\\/fr\\\/#\\\/schema\\\/logo\\\/image\\\/\",\"url\":\"https:\\\/\\\/varadorlescala.com\\\/wp-content\\\/uploads\\\/2020\\\/03\\\/varador-lescala-logo@3x.png\",\"contentUrl\":\"https:\\\/\\\/varadorlescala.com\\\/wp-content\\\/uploads\\\/2020\\\/03\\\/varador-lescala-logo@3x.png\",\"width\":525,\"height\":168,\"caption\":\"Varador L'Escala\"},\"image\":{\"@id\":\"https:\\\/\\\/varadorlescala.com\\\/fr\\\/#\\\/schema\\\/logo\\\/image\\\/\"},\"sameAs\":[\"https:\\\/\\\/www.facebook.com\\\/varadorlescala\\\/\"]}]}<\/script>\n<!-- \/ Yoast SEO plugin. -->","yoast_head_json":{"title":"Nota legal - Varador L&#039;Escala","robots":{"index":"index","follow":"follow","max-snippet":"max-snippet:-1","max-image-preview":"max-image-preview:large","max-video-preview":"max-video-preview:-1"},"canonical":"https:\/\/varadorlescala.com\/fr\/note-legale\/","og_locale":"fr_FR","og_type":"article","og_title":"Nota legal - Varador L&#039;Escala","og_description":"Lorem ipsum dolor sit amet. Lorem ipsum dolor sit amet. Lorem ipsum dolor sit amet. Lorem ipsum dolor sit amet. Lorem ipsum dolor sit amet. Lorem ipsum dolor sit amet. Lorem ipsum dolor sit amet. Lorem ipsum dolor sit amet. Lorem ipsum dolor sit amet. Lorem ipsum dolor sit amet. Lorem ipsum dolor sit amet. &hellip; Nota legal Lire la suite\u00a0\u00bb","og_url":"https:\/\/varadorlescala.com\/fr\/note-legale\/","og_site_name":"Varador L&#039;Escala","article_publisher":"https:\/\/www.facebook.com\/varadorlescala\/","article_modified_time":"2020-11-17T11:57:25+00:00","twitter_card":"summary_large_image","twitter_misc":{"Dur\u00e9e de lecture estim\u00e9e":"1 minute"},"schema":{"@context":"https:\/\/schema.org","@graph":[{"@type":"WebPage","@id":"https:\/\/varadorlescala.com\/fr\/note-legale\/","url":"https:\/\/varadorlescala.com\/fr\/note-legale\/","name":"Nota legal - Varador L&#039;Escala","isPartOf":{"@id":"https:\/\/varadorlescala.com\/fr\/#website"},"datePublished":"2020-04-22T02:07:31+00:00","dateModified":"2020-11-17T11:57:25+00:00","breadcrumb":{"@id":"https:\/\/varadorlescala.com\/fr\/note-legale\/#breadcrumb"},"inLanguage":"fr-FR","potentialAction":[{"@type":"ReadAction","target":["https:\/\/varadorlescala.com\/fr\/note-legale\/"]}]},{"@type":"BreadcrumbList","@id":"https:\/\/varadorlescala.com\/fr\/note-legale\/#breadcrumb","itemListElement":[{"@type":"ListItem","position":1,"name":"Home","item":"https:\/\/varadorlescala.com\/fr\/"},{"@type":"ListItem","position":2,"name":"Nota legal"}]},{"@type":"WebSite","@id":"https:\/\/varadorlescala.com\/fr\/#website","url":"https:\/\/varadorlescala.com\/fr\/","name":"Varador L&#039;Escala","description":"Varador L&#039;Escala","publisher":{"@id":"https:\/\/varadorlescala.com\/fr\/#organization"},"potentialAction":[{"@type":"SearchAction","target":{"@type":"EntryPoint","urlTemplate":"https:\/\/varadorlescala.com\/fr\/?s={search_term_string}"},"query-input":{"@type":"PropertyValueSpecification","valueRequired":true,"valueName":"search_term_string"}}],"inLanguage":"fr-FR"},{"@type":"Organization","@id":"https:\/\/varadorlescala.com\/fr\/#organization","name":"Varador L'Escala","url":"https:\/\/varadorlescala.com\/fr\/","logo":{"@type":"ImageObject","inLanguage":"fr-FR","@id":"https:\/\/varadorlescala.com\/fr\/#\/schema\/logo\/image\/","url":"https:\/\/varadorlescala.com\/wp-content\/uploads\/2020\/03\/varador-lescala-logo@3x.png","contentUrl":"https:\/\/varadorlescala.com\/wp-content\/uploads\/2020\/03\/varador-lescala-logo@3x.png","width":525,"height":168,"caption":"Varador L'Escala"},"image":{"@id":"https:\/\/varadorlescala.com\/fr\/#\/schema\/logo\/image\/"},"sameAs":["https:\/\/www.facebook.com\/varadorlescala\/"]}]}},"_links":{"self":[{"href":"https:\/\/varadorlescala.com\/fr\/wp-json\/wp\/v2\/pages\/1153","targetHints":{"allow":["GET"]}}],"collection":[{"href":"https:\/\/varadorlescala.com\/fr\/wp-json\/wp\/v2\/pages"}],"about":[{"href":"https:\/\/varadorlescala.com\/fr\/wp-json\/wp\/v2\/types\/page"}],"author":[{"embeddable":true,"href":"https:\/\/varadorlescala.com\/fr\/wp-json\/wp\/v2\/users\/5"}],"replies":[{"embeddable":true,"href":"https:\/\/varadorlescala.com\/fr\/wp-json\/wp\/v2\/comments?post=1153"}],"version-history":[{"count":1,"href":"https:\/\/varadorlescala.com\/fr\/wp-json\/wp\/v2\/pages\/1153\/revisions"}],"predecessor-version":[{"id":1154,"href":"https:\/\/varadorlescala.com\/fr\/wp-json\/wp\/v2\/pages\/1153\/revisions\/1154"}],"wp:attachment":[{"href":"https:\/\/varadorlescala.com\/fr\/wp-json\/wp\/v2\/media?parent=1153"}],"curies":[{"name":"wp","href":"https:\/\/api.w.org\/{rel}","templated":true}]}}