{"id":1335,"date":"2020-04-22T02:12:29","date_gmt":"2020-04-22T02:12:29","guid":{"rendered":"https:\/\/varadorlescala.com\/solicita-presupuesto\/"},"modified":"2026-02-16T12:11:28","modified_gmt":"2026-02-16T12:11:28","slug":"demandez-un-devis","status":"publish","type":"page","link":"https:\/\/varadorlescala.com\/fr\/demandez-un-devis\/","title":{"rendered":"Demandez un devis"},"content":{"rendered":"\t\t<div data-elementor-type=\"wp-page\" data-elementor-id=\"1335\" class=\"elementor elementor-1335 elementor-356\" data-elementor-post-type=\"page\">\n\t\t\t\t\t\t<section class=\"elementor-section elementor-top-section elementor-element elementor-element-1703c771 varader-section elementor-section-boxed elementor-section-height-default elementor-section-height-default\" data-id=\"1703c771\" data-element_type=\"section\" data-e-type=\"section\">\n\t\t\t\t\t\t<div class=\"elementor-container elementor-column-gap-default\">\n\t\t\t\t\t<div class=\"elementor-column elementor-col-100 elementor-top-column elementor-element elementor-element-485c0683\" data-id=\"485c0683\" data-element_type=\"column\" data-e-type=\"column\">\n\t\t\t<div class=\"elementor-widget-wrap elementor-element-populated\">\n\t\t\t\t\t\t<div class=\"elementor-element elementor-element-10585852 elementor-widget elementor-widget-text-editor\" data-id=\"10585852\" data-element_type=\"widget\" data-e-type=\"widget\" data-widget_type=\"text-editor.default\">\n\t\t\t\t<div class=\"elementor-widget-container\">\n\t\t\t\t\t\t\t\t\t<h1>Demandez votre devis<\/h1>\n<h3>Demandez-nous un devis sans engagement<\/h3>\n\t\t\t\t\t\t\t\t<\/div>\n\t\t\t\t<\/div>\n\t\t\t\t<section class=\"elementor-section elementor-inner-section elementor-element elementor-element-1e8722c elementor-section-boxed elementor-section-height-default elementor-section-height-default\" data-id=\"1e8722c\" data-element_type=\"section\" data-e-type=\"section\">\n\t\t\t\t\t\t<div class=\"elementor-container elementor-column-gap-default\">\n\t\t\t\t\t<div class=\"elementor-column elementor-col-100 elementor-inner-column elementor-element elementor-element-219d7e6\" data-id=\"219d7e6\" data-element_type=\"column\" data-e-type=\"column\">\n\t\t\t<div class=\"elementor-widget-wrap elementor-element-populated\">\n\t\t\t\t\t\t<div class=\"elementor-element elementor-element-72a4240 elementor-button-align-start elementor-widget elementor-widget-form\" data-id=\"72a4240\" data-element_type=\"widget\" data-e-type=\"widget\" id=\"presupuesto-form\" data-settings=\"{&quot;step_next_label&quot;:&quot;Next&quot;,&quot;step_previous_label&quot;:&quot;Previous&quot;,&quot;step_type&quot;:&quot;number_text&quot;,&quot;step_icon_shape&quot;:&quot;circle&quot;}\" data-widget_type=\"form.default\">\n\t\t\t\t<div class=\"elementor-widget-container\">\n\t\t\t\t\t\t\t<form class=\"elementor-form\" method=\"post\" name=\"New Form\" aria-label=\"New Form\">\n\t\t\t<input type=\"hidden\" name=\"post_id\" value=\"1335\"\/>\n\t\t\t<input type=\"hidden\" name=\"form_id\" value=\"72a4240\"\/>\n\t\t\t<input type=\"hidden\" name=\"referer_title\" value=\"Demandez un devis - Varador L&#039;Escala\" \/>\n\n\t\t\t\t\t\t\t<input type=\"hidden\" name=\"queried_id\" value=\"1335\"\/>\n\t\t\t\n\t\t\t<div class=\"elementor-form-fields-wrapper elementor-labels-above\">\n\t\t\t\t\t\t\t\t<div class=\"elementor-field-type-html elementor-field-group elementor-column elementor-field-group-field_558e3fc elementor-col-100\">\n\t\t\t\t\t<h4>Don\u00e9es<\/h4>\r\n<p>Veuillez nous fournir les informations suivantes afin que nous puissions vous adresser de la mani\u00e8re la plus appropri\u00e9e.<\/p>\t\t\t\t<\/div>\n\t\t\t\t\t\t\t\t<div class=\"elementor-field-type-text elementor-field-group elementor-column elementor-field-group-name elementor-col-33 elementor-field-required elementor-mark-required\">\n\t\t\t\t\t\t\t\t\t\t\t\t<label for=\"form-field-name\" class=\"elementor-field-label\">\n\t\t\t\t\t\t\t\tNom et pr\u00e9nom\t\t\t\t\t\t\t<\/label>\n\t\t\t\t\t\t\t\t\t\t\t\t\t\t<input size=\"1\" type=\"text\" name=\"form_fields[name]\" id=\"form-field-name\" class=\"elementor-field elementor-size-sm  elementor-field-textual\" required=\"required\">\n\t\t\t\t\t\t\t\t\t\t\t<\/div>\n\t\t\t\t\t\t\t\t<div class=\"elementor-field-type-text elementor-field-group elementor-column elementor-field-group-field_511fefc elementor-col-33 elementor-field-required elementor-mark-required\">\n\t\t\t\t\t\t\t\t\t\t\t\t<label for=\"form-field-field_511fefc\" class=\"elementor-field-label\">\n\t\t\t\t\t\t\t\tT\u00e9l\u00e9phone\t\t\t\t\t\t\t<\/label>\n\t\t\t\t\t\t\t\t\t\t\t\t\t\t<input size=\"1\" type=\"text\" name=\"form_fields[field_511fefc]\" id=\"form-field-field_511fefc\" class=\"elementor-field elementor-size-sm  elementor-field-textual\" required=\"required\">\n\t\t\t\t\t\t\t\t\t\t\t<\/div>\n\t\t\t\t\t\t\t\t<div class=\"elementor-field-type-text elementor-field-group elementor-column elementor-field-group-email elementor-col-33 elementor-field-required elementor-mark-required\">\n\t\t\t\t\t\t\t\t\t\t\t\t<label for=\"form-field-email\" class=\"elementor-field-label\">\n\t\t\t\t\t\t\t\tCarte d'identit\u00e9\t\t\t\t\t\t\t<\/label>\n\t\t\t\t\t\t\t\t\t\t\t\t\t\t<input size=\"1\" type=\"text\" name=\"form_fields[email]\" id=\"form-field-email\" class=\"elementor-field elementor-size-sm  elementor-field-textual\" required=\"required\">\n\t\t\t\t\t\t\t\t\t\t\t<\/div>\n\t\t\t\t\t\t\t\t<div class=\"elementor-field-type-text elementor-field-group elementor-column elementor-field-group-field_7063c7d elementor-col-33 elementor-field-required elementor-mark-required\">\n\t\t\t\t\t\t\t\t\t\t\t\t<label for=\"form-field-field_7063c7d\" class=\"elementor-field-label\">\n\t\t\t\t\t\t\t\tAdresse\t\t\t\t\t\t\t<\/label>\n\t\t\t\t\t\t\t\t\t\t\t\t\t\t<input size=\"1\" type=\"text\" name=\"form_fields[field_7063c7d]\" id=\"form-field-field_7063c7d\" class=\"elementor-field elementor-size-sm  elementor-field-textual\" required=\"required\">\n\t\t\t\t\t\t\t\t\t\t\t<\/div>\n\t\t\t\t\t\t\t\t<div class=\"elementor-field-type-email elementor-field-group elementor-column elementor-field-group-field_d1d94ae elementor-col-33 elementor-field-required elementor-mark-required\">\n\t\t\t\t\t\t\t\t\t\t\t\t<label for=\"form-field-field_d1d94ae\" class=\"elementor-field-label\">\n\t\t\t\t\t\t\t\tEmail\t\t\t\t\t\t\t<\/label>\n\t\t\t\t\t\t\t\t\t\t\t\t\t\t<input size=\"1\" type=\"email\" name=\"form_fields[field_d1d94ae]\" id=\"form-field-field_d1d94ae\" class=\"elementor-field elementor-size-sm  elementor-field-textual\" required=\"required\">\n\t\t\t\t\t\t\t\t\t\t\t<\/div>\n\t\t\t\t\t\t\t\t<div class=\"elementor-field-type-text elementor-field-group elementor-column elementor-field-group-field_c0cc896 elementor-col-33 elementor-field-required elementor-mark-required\">\n\t\t\t\t\t\t\t\t\t\t\t\t<label for=\"form-field-field_c0cc896\" class=\"elementor-field-label\">\n\t\t\t\t\t\t\t\tNom du bateau\t\t\t\t\t\t\t<\/label>\n\t\t\t\t\t\t\t\t\t\t\t\t\t\t<input size=\"1\" type=\"text\" name=\"form_fields[field_c0cc896]\" id=\"form-field-field_c0cc896\" class=\"elementor-field elementor-size-sm  elementor-field-textual\" required=\"required\">\n\t\t\t\t\t\t\t\t\t\t\t<\/div>\n\t\t\t\t\t\t\t\t<div class=\"elementor-field-type-text elementor-field-group elementor-column elementor-field-group-field_37a036d elementor-col-33\">\n\t\t\t\t\t\t\t\t\t\t\t\t<label for=\"form-field-field_37a036d\" class=\"elementor-field-label\">\n\t\t\t\t\t\t\t\tMarque de bateau\t\t\t\t\t\t\t<\/label>\n\t\t\t\t\t\t\t\t\t\t\t\t\t\t<input size=\"1\" type=\"text\" name=\"form_fields[field_37a036d]\" id=\"form-field-field_37a036d\" class=\"elementor-field elementor-size-sm  elementor-field-textual\">\n\t\t\t\t\t\t\t\t\t\t\t<\/div>\n\t\t\t\t\t\t\t\t<div class=\"elementor-field-type-text elementor-field-group elementor-column elementor-field-group-field_eec7a20 elementor-col-33\">\n\t\t\t\t\t\t\t\t\t\t\t\t<label for=\"form-field-field_eec7a20\" class=\"elementor-field-label\">\n\t\t\t\t\t\t\t\tMod\u00e8le de bateau\t\t\t\t\t\t\t<\/label>\n\t\t\t\t\t\t\t\t\t\t\t\t\t\t<input size=\"1\" type=\"text\" name=\"form_fields[field_eec7a20]\" id=\"form-field-field_eec7a20\" class=\"elementor-field elementor-size-sm  elementor-field-textual\">\n\t\t\t\t\t\t\t\t\t\t\t<\/div>\n\t\t\t\t\t\t\t\t<div class=\"elementor-field-type-text elementor-field-group elementor-column elementor-field-group-field_0d0234d elementor-col-33 elementor-field-required elementor-mark-required\">\n\t\t\t\t\t\t\t\t\t\t\t\t<label for=\"form-field-field_0d0234d\" class=\"elementor-field-label\">\n\t\t\t\t\t\t\t\tLongueur\t\t\t\t\t\t\t<\/label>\n\t\t\t\t\t\t\t\t\t\t\t\t\t\t<input size=\"1\" type=\"text\" name=\"form_fields[field_0d0234d]\" id=\"form-field-field_0d0234d\" class=\"elementor-field elementor-size-sm  elementor-field-textual\" required=\"required\">\n\t\t\t\t\t\t\t\t\t\t\t<\/div>\n\t\t\t\t\t\t\t\t<div class=\"elementor-field-type-text elementor-field-group elementor-column elementor-field-group-field_4e78270 elementor-col-33 elementor-field-required elementor-mark-required\">\n\t\t\t\t\t\t\t\t\t\t\t\t<label for=\"form-field-field_4e78270\" class=\"elementor-field-label\">\n\t\t\t\t\t\t\t\tNombre de moteurs\t\t\t\t\t\t\t<\/label>\n\t\t\t\t\t\t\t\t\t\t\t\t\t\t<input size=\"1\" type=\"text\" name=\"form_fields[field_4e78270]\" id=\"form-field-field_4e78270\" class=\"elementor-field elementor-size-sm  elementor-field-textual\" required=\"required\">\n\t\t\t\t\t\t\t\t\t\t\t<\/div>\n\t\t\t\t\t\t\t\t<div class=\"elementor-field-type-upload elementor-field-group elementor-column elementor-field-group-field_6477915 elementor-col-33\">\n\t\t\t\t\t\t\t\t\t\t\t\t<label for=\"form-field-field_6477915\" class=\"elementor-field-label\">\n\t\t\t\t\t\t\t\tEnvoyer le documents du bateau\t\t\t\t\t\t\t<\/label>\n\t\t\t\t\t\t\t\t<input type=\"file\" name=\"form_fields[field_6477915]\" id=\"form-field-field_6477915\" class=\"elementor-field elementor-size-sm  elementor-upload-field\">\n\n\t\t\t\t\t\t<\/div>\n\t\t\t\t\t\t\t\t<div class=\"elementor-field-type-html elementor-field-group elementor-column elementor-field-group-field_9f77de7 elementor-col-100\">\n\t\t\t\t\t<h4>Services<\/h4>\r\n<p>S\u00e9lectionnez les services dont vous souhaitez profiter au Varador l'Escala.<\/p>\t\t\t\t<\/div>\n\t\t\t\t\t\t\t\t<div class=\"elementor-field-type-checkbox elementor-field-group elementor-column elementor-field-group-field_f3198c1 elementor-col-25\">\n\t\t\t\t\t\t\t\t\t\t\t\t<label for=\"form-field-field_f3198c1\" class=\"elementor-field-label\">\n\t\t\t\t\t\t\t\tMaintenance\t\t\t\t\t\t\t<\/label>\n\t\t\t\t\t\t<div class=\"elementor-field-subgroup  \"><span class=\"elementor-field-option\"><input type=\"checkbox\" value=\"Car\u00e9nage\" id=\"form-field-field_f3198c1-0\" name=\"form_fields[field_f3198c1][]\"> <label for=\"form-field-field_f3198c1-0\">Car\u00e9nage<\/label><\/span><span class=\"elementor-field-option\"><input type=\"checkbox\" value=\"Nettoyage\" id=\"form-field-field_f3198c1-1\" name=\"form_fields[field_f3198c1][]\"> <label for=\"form-field-field_f3198c1-1\">Nettoyage<\/label><\/span><span class=\"elementor-field-option\"><input type=\"checkbox\" value=\"Misse \u00e0 l&#039;eau\" id=\"form-field-field_f3198c1-2\" name=\"form_fields[field_f3198c1][]\"> <label for=\"form-field-field_f3198c1-2\">Misse \u00e0 l'eau<\/label><\/span><\/div>\t\t\t\t<\/div>\n\t\t\t\t\t\t\t\t<div class=\"elementor-field-type-checkbox elementor-field-group elementor-column elementor-field-group-field_9f3209b elementor-col-25\">\n\t\t\t\t\t\t\t\t\t\t\t\t<label for=\"form-field-field_9f3209b\" class=\"elementor-field-label\">\n\t\t\t\t\t\t\t\tAntifouling\t\t\t\t\t\t\t<\/label>\n\t\t\t\t\t\t<div class=\"elementor-field-subgroup  \"><span class=\"elementor-field-option\"><input type=\"checkbox\" value=\"Coque\" id=\"form-field-field_9f3209b-0\" name=\"form_fields[field_9f3209b][]\"> <label for=\"form-field-field_9f3209b-0\">Coque<\/label><\/span><span class=\"elementor-field-option\"><input type=\"checkbox\" value=\"Embases\" id=\"form-field-field_9f3209b-1\" name=\"form_fields[field_9f3209b][]\"> <label for=\"form-field-field_9f3209b-1\">Embases<\/label><\/span><span class=\"elementor-field-option\"><input type=\"checkbox\" value=\"H\u00e9lices\" id=\"form-field-field_9f3209b-2\" name=\"form_fields[field_9f3209b][]\"> <label for=\"form-field-field_9f3209b-2\">H\u00e9lices<\/label><\/span><\/div>\t\t\t\t<\/div>\n\t\t\t\t\t\t\t\t<div class=\"elementor-field-type-checkbox elementor-field-group elementor-column elementor-field-group-field_bb6dfc0 elementor-col-25\">\n\t\t\t\t\t\t\t\t\t\t\t\t<label for=\"form-field-field_bb6dfc0\" class=\"elementor-field-label\">\n\t\t\t\t\t\t\t\tOeuvres vives\t\t\t\t\t\t\t<\/label>\n\t\t\t\t\t\t<div class=\"elementor-field-subgroup  \"><span class=\"elementor-field-option\"><input type=\"checkbox\" value=\"Sablage\" id=\"form-field-field_bb6dfc0-0\" name=\"form_fields[field_bb6dfc0][]\"> <label for=\"form-field-field_bb6dfc0-0\">Sablage<\/label><\/span><span class=\"elementor-field-option\"><input type=\"checkbox\" value=\"Nettoyage\" id=\"form-field-field_bb6dfc0-1\" name=\"form_fields[field_bb6dfc0][]\"> <label for=\"form-field-field_bb6dfc0-1\">Nettoyage<\/label><\/span><span class=\"elementor-field-option\"><input type=\"checkbox\" value=\"Osmosis\" id=\"form-field-field_bb6dfc0-2\" name=\"form_fields[field_bb6dfc0][]\"> <label for=\"form-field-field_bb6dfc0-2\">Osmosis<\/label><\/span><\/div>\t\t\t\t<\/div>\n\t\t\t\t\t\t\t\t<div class=\"elementor-field-type-checkbox elementor-field-group elementor-column elementor-field-group-field_23abe69 elementor-col-25\">\n\t\t\t\t\t\t\t\t\t\t\t\t<label for=\"form-field-field_23abe69\" class=\"elementor-field-label\">\n\t\t\t\t\t\t\t\tOeuvres mortes\t\t\t\t\t\t\t<\/label>\n\t\t\t\t\t\t<div class=\"elementor-field-subgroup  \"><span class=\"elementor-field-option\"><input type=\"checkbox\" value=\"Polir\" id=\"form-field-field_23abe69-0\" name=\"form_fields[field_23abe69][]\"> <label for=\"form-field-field_23abe69-0\">Polir<\/label><\/span><span class=\"elementor-field-option\"><input type=\"checkbox\" value=\"Nettoyage\" id=\"form-field-field_23abe69-1\" name=\"form_fields[field_23abe69][]\"> <label for=\"form-field-field_23abe69-1\">Nettoyage<\/label><\/span><span class=\"elementor-field-option\"><input type=\"checkbox\" value=\"Mise \u00e0 l&#039;eau\" id=\"form-field-field_23abe69-2\" name=\"form_fields[field_23abe69][]\"> <label for=\"form-field-field_23abe69-2\">Mise \u00e0 l'eau<\/label><\/span><\/div>\t\t\t\t<\/div>\n\t\t\t\t\t\t\t\t<div class=\"elementor-field-type-html elementor-field-group elementor-column elementor-field-group-field_dbb06cb elementor-col-100\">\n\t\t\t\t\t<h4>En promotion<\/h4>\r\n<p>Si vous souhaitez profiter de l'une de nos promotions au lieu d'un service de la liste pr\u00e9c\u00e9dente, s\u00e9lectionnez-le ci-dessous.<\/p>\t\t\t\t<\/div>\n\t\t\t\t\t\t\t\t<div class=\"elementor-field-type-checkbox elementor-field-group elementor-column elementor-field-group-field_bf53a2d elementor-col-100\">\n\t\t\t\t\t<div class=\"elementor-field-subgroup  \"><span class=\"elementor-field-option\"><input type=\"checkbox\" value=\"Maintenance Express\" id=\"form-field-field_bf53a2d-0\" name=\"form_fields[field_bf53a2d][]\"> <label for=\"form-field-field_bf53a2d-0\">Maintenance Express<\/label><\/span><span class=\"elementor-field-option\"><input type=\"checkbox\" value=\"Pack hiver: Cale s\u00e8che 6 mois et entretien des \u0153uvres vives\" id=\"form-field-field_bf53a2d-1\" name=\"form_fields[field_bf53a2d][]\"> <label for=\"form-field-field_bf53a2d-1\">Pack hiver: Cale s\u00e8che 6 mois et entretien des \u0153uvres vives<\/label><\/span><span class=\"elementor-field-option\"><input type=\"checkbox\" value=\"Pack Nettoyage Ext\u00e9rieur Mensuel\" id=\"form-field-field_bf53a2d-2\" name=\"form_fields[field_bf53a2d][]\"> <label for=\"form-field-field_bf53a2d-2\">Pack Nettoyage Ext\u00e9rieur Mensuel<\/label><\/span><span class=\"elementor-field-option\"><input type=\"checkbox\" value=\"Inspection Technique des Bateaux (ITB)\" id=\"form-field-field_bf53a2d-3\" name=\"form_fields[field_bf53a2d][]\"> <label for=\"form-field-field_bf53a2d-3\">Inspection Technique des Bateaux (ITB)<\/label><\/span><span class=\"elementor-field-option\"><input type=\"checkbox\" value=\"Moteurs \u00e9lectriques Pulsar Haswing\" id=\"form-field-field_bf53a2d-4\" name=\"form_fields[field_bf53a2d][]\"> <label for=\"form-field-field_bf53a2d-4\">Moteurs \u00e9lectriques Pulsar Haswing<\/label><\/span><\/div>\t\t\t\t<\/div>\n\t\t\t\t\t\t\t\t<div class=\"elementor-field-type-html elementor-field-group elementor-column elementor-field-group-field_d0a2cf0 elementor-col-100\">\n\t\t\t\t\t<h4>Commentaires et observations<\/h4>\r\n<p>Vous pouvez ajouter tout commentaire ou clarification que vous souhaitez ci-dessous.<\/p>\t\t\t\t<\/div>\n\t\t\t\t\t\t\t\t<div class=\"elementor-field-type-textarea elementor-field-group elementor-column elementor-field-group-field_4e028ae elementor-col-100\">\n\t\t\t\t\t<textarea class=\"elementor-field-textual elementor-field  elementor-size-sm\" name=\"form_fields[field_4e028ae]\" id=\"form-field-field_4e028ae\" rows=\"8\"><\/textarea>\t\t\t\t<\/div>\n\t\t\t\t\t\t\t\t<div class=\"elementor-field-type-acceptance elementor-field-group elementor-column elementor-field-group-field_d5751fc elementor-col-100 elementor-field-required elementor-mark-required\">\n\t\t\t\t\t\t\t<div class=\"elementor-field-subgroup\">\n\t\t\t<span class=\"elementor-field-option\">\n\t\t\t\t<input type=\"checkbox\" name=\"form_fields[field_d5751fc]\" id=\"form-field-field_d5751fc\" class=\"elementor-field elementor-size-sm  elementor-acceptance-field\" required=\"required\">\n\t\t\t\t<label for=\"form-field-field_d5751fc\">J'accepte les <a href=\"https:\/\/varadorlescala.com\/fr\/?page_id=3461\/\" target=\"_blank\">termes et conditions<\/a> et la <a href=\"http:\/\/dev.escar-lescala.com\/politica-privacidad\/\" target=\"_blank\">Politique de Confidentialit\u00e9<\/a>.<\/label>\t\t\t<\/span>\n\t\t<\/div>\n\t\t\t\t\t\t<\/div>\n\t\t\t\t\t\t\t\t<div class=\"elementor-field-type-recaptcha_v3 elementor-field-group elementor-column elementor-field-group-field_1e1d903 elementor-col-100 recaptcha_v3-bottomright\">\n\t\t\t\t\t<div class=\"elementor-field\" id=\"form-field-field_1e1d903\"><div class=\"elementor-g-recaptcha\" data-sitekey=\"6LesgTUaAAAAAODXx2iV7lwogOtCA-YxQwqoU_cS\" data-type=\"v3\" data-action=\"Form\" data-badge=\"bottomright\" data-size=\"invisible\"><\/div><\/div>\t\t\t\t<\/div>\n\t\t\t\t\t\t\t\t<div class=\"elementor-field-group elementor-column elementor-field-type-submit elementor-col-100 e-form__buttons\">\n\t\t\t\t\t<button class=\"elementor-button elementor-size-sm\" type=\"submit\">\n\t\t\t\t\t\t<span class=\"elementor-button-content-wrapper\">\n\t\t\t\t\t\t\t\t\t\t\t\t\t\t\t\t\t\t\t\t\t\t<span class=\"elementor-button-text\">Demander un devis<\/span>\n\t\t\t\t\t\t\t\t\t\t\t\t\t<\/span>\n\t\t\t\t\t<\/button>\n\t\t\t\t<\/div>\n\t\t\t<\/div>\n\t\t<\/form>\n\t\t\t\t\t\t<\/div>\n\t\t\t\t<\/div>\n\t\t\t\t\t<\/div>\n\t\t<\/div>\n\t\t\t\t\t<\/div>\n\t\t<\/section>\n\t\t\t\t\t<\/div>\n\t\t<\/div>\n\t\t\t\t\t<\/div>\n\t\t<\/section>\n\t\t\t\t<\/div>\n\t\t","protected":false},"excerpt":{"rendered":"<p>Demandez votre devis Demandez-nous un devis sans engagement<\/p>\n","protected":false},"author":5,"featured_media":0,"parent":0,"menu_order":0,"comment_status":"closed","ping_status":"closed","template":"","meta":{"footnotes":""},"class_list":["post-1335","page","type-page","status-publish","hentry"],"yoast_head":"<!-- This site is optimized with the Yoast SEO plugin v27.5 - https:\/\/yoast.com\/product\/yoast-seo-wordpress\/ -->\n<title>Demandez un devis - Varador L&#039;Escala<\/title>\n<meta name=\"robots\" content=\"index, follow, max-snippet:-1, max-image-preview:large, max-video-preview:-1\" \/>\n<link rel=\"canonical\" href=\"https:\/\/varadorlescala.com\/fr\/demandez-un-devis\/\" \/>\n<meta property=\"og:locale\" content=\"fr_FR\" \/>\n<meta property=\"og:type\" content=\"article\" \/>\n<meta property=\"og:title\" content=\"Demandez un devis - Varador L&#039;Escala\" \/>\n<meta property=\"og:description\" content=\"Demandez votre devis Demandez-nous un devis sans engagement\" \/>\n<meta property=\"og:url\" content=\"https:\/\/varadorlescala.com\/fr\/demandez-un-devis\/\" \/>\n<meta property=\"og:site_name\" content=\"Varador L&#039;Escala\" \/>\n<meta property=\"article:publisher\" content=\"https:\/\/www.facebook.com\/varadorlescala\/\" \/>\n<meta property=\"article:modified_time\" content=\"2026-02-16T12:11:28+00:00\" \/>\n<meta name=\"twitter:card\" content=\"summary_large_image\" \/>\n<meta name=\"twitter:label1\" content=\"Dur\u00e9e de lecture estim\u00e9e\" \/>\n\t<meta name=\"twitter:data1\" content=\"1 minute\" \/>\n<script type=\"application\/ld+json\" class=\"yoast-schema-graph\">{\"@context\":\"https:\\\/\\\/schema.org\",\"@graph\":[{\"@type\":\"WebPage\",\"@id\":\"https:\\\/\\\/varadorlescala.com\\\/fr\\\/demandez-un-devis\\\/\",\"url\":\"https:\\\/\\\/varadorlescala.com\\\/fr\\\/demandez-un-devis\\\/\",\"name\":\"Demandez un devis - Varador L&#039;Escala\",\"isPartOf\":{\"@id\":\"https:\\\/\\\/varadorlescala.com\\\/fr\\\/#website\"},\"datePublished\":\"2020-04-22T02:12:29+00:00\",\"dateModified\":\"2026-02-16T12:11:28+00:00\",\"breadcrumb\":{\"@id\":\"https:\\\/\\\/varadorlescala.com\\\/fr\\\/demandez-un-devis\\\/#breadcrumb\"},\"inLanguage\":\"fr-FR\",\"potentialAction\":[{\"@type\":\"ReadAction\",\"target\":[\"https:\\\/\\\/varadorlescala.com\\\/fr\\\/demandez-un-devis\\\/\"]}]},{\"@type\":\"BreadcrumbList\",\"@id\":\"https:\\\/\\\/varadorlescala.com\\\/fr\\\/demandez-un-devis\\\/#breadcrumb\",\"itemListElement\":[{\"@type\":\"ListItem\",\"position\":1,\"name\":\"Home\",\"item\":\"https:\\\/\\\/varadorlescala.com\\\/fr\\\/\"},{\"@type\":\"ListItem\",\"position\":2,\"name\":\"Demandez un devis\"}]},{\"@type\":\"WebSite\",\"@id\":\"https:\\\/\\\/varadorlescala.com\\\/fr\\\/#website\",\"url\":\"https:\\\/\\\/varadorlescala.com\\\/fr\\\/\",\"name\":\"Varador L&#039;Escala\",\"description\":\"Varador L&#039;Escala\",\"publisher\":{\"@id\":\"https:\\\/\\\/varadorlescala.com\\\/fr\\\/#organization\"},\"potentialAction\":[{\"@type\":\"SearchAction\",\"target\":{\"@type\":\"EntryPoint\",\"urlTemplate\":\"https:\\\/\\\/varadorlescala.com\\\/fr\\\/?s={search_term_string}\"},\"query-input\":{\"@type\":\"PropertyValueSpecification\",\"valueRequired\":true,\"valueName\":\"search_term_string\"}}],\"inLanguage\":\"fr-FR\"},{\"@type\":\"Organization\",\"@id\":\"https:\\\/\\\/varadorlescala.com\\\/fr\\\/#organization\",\"name\":\"Varador L'Escala\",\"url\":\"https:\\\/\\\/varadorlescala.com\\\/fr\\\/\",\"logo\":{\"@type\":\"ImageObject\",\"inLanguage\":\"fr-FR\",\"@id\":\"https:\\\/\\\/varadorlescala.com\\\/fr\\\/#\\\/schema\\\/logo\\\/image\\\/\",\"url\":\"https:\\\/\\\/varadorlescala.com\\\/wp-content\\\/uploads\\\/2020\\\/03\\\/varador-lescala-logo@3x.png\",\"contentUrl\":\"https:\\\/\\\/varadorlescala.com\\\/wp-content\\\/uploads\\\/2020\\\/03\\\/varador-lescala-logo@3x.png\",\"width\":525,\"height\":168,\"caption\":\"Varador L'Escala\"},\"image\":{\"@id\":\"https:\\\/\\\/varadorlescala.com\\\/fr\\\/#\\\/schema\\\/logo\\\/image\\\/\"},\"sameAs\":[\"https:\\\/\\\/www.facebook.com\\\/varadorlescala\\\/\"]}]}<\/script>\n<!-- \/ Yoast SEO plugin. -->","yoast_head_json":{"title":"Demandez un devis - Varador L&#039;Escala","robots":{"index":"index","follow":"follow","max-snippet":"max-snippet:-1","max-image-preview":"max-image-preview:large","max-video-preview":"max-video-preview:-1"},"canonical":"https:\/\/varadorlescala.com\/fr\/demandez-un-devis\/","og_locale":"fr_FR","og_type":"article","og_title":"Demandez un devis - Varador L&#039;Escala","og_description":"Demandez votre devis Demandez-nous un devis sans engagement","og_url":"https:\/\/varadorlescala.com\/fr\/demandez-un-devis\/","og_site_name":"Varador L&#039;Escala","article_publisher":"https:\/\/www.facebook.com\/varadorlescala\/","article_modified_time":"2026-02-16T12:11:28+00:00","twitter_card":"summary_large_image","twitter_misc":{"Dur\u00e9e de lecture estim\u00e9e":"1 minute"},"schema":{"@context":"https:\/\/schema.org","@graph":[{"@type":"WebPage","@id":"https:\/\/varadorlescala.com\/fr\/demandez-un-devis\/","url":"https:\/\/varadorlescala.com\/fr\/demandez-un-devis\/","name":"Demandez un devis - Varador L&#039;Escala","isPartOf":{"@id":"https:\/\/varadorlescala.com\/fr\/#website"},"datePublished":"2020-04-22T02:12:29+00:00","dateModified":"2026-02-16T12:11:28+00:00","breadcrumb":{"@id":"https:\/\/varadorlescala.com\/fr\/demandez-un-devis\/#breadcrumb"},"inLanguage":"fr-FR","potentialAction":[{"@type":"ReadAction","target":["https:\/\/varadorlescala.com\/fr\/demandez-un-devis\/"]}]},{"@type":"BreadcrumbList","@id":"https:\/\/varadorlescala.com\/fr\/demandez-un-devis\/#breadcrumb","itemListElement":[{"@type":"ListItem","position":1,"name":"Home","item":"https:\/\/varadorlescala.com\/fr\/"},{"@type":"ListItem","position":2,"name":"Demandez un devis"}]},{"@type":"WebSite","@id":"https:\/\/varadorlescala.com\/fr\/#website","url":"https:\/\/varadorlescala.com\/fr\/","name":"Varador L&#039;Escala","description":"Varador L&#039;Escala","publisher":{"@id":"https:\/\/varadorlescala.com\/fr\/#organization"},"potentialAction":[{"@type":"SearchAction","target":{"@type":"EntryPoint","urlTemplate":"https:\/\/varadorlescala.com\/fr\/?s={search_term_string}"},"query-input":{"@type":"PropertyValueSpecification","valueRequired":true,"valueName":"search_term_string"}}],"inLanguage":"fr-FR"},{"@type":"Organization","@id":"https:\/\/varadorlescala.com\/fr\/#organization","name":"Varador L'Escala","url":"https:\/\/varadorlescala.com\/fr\/","logo":{"@type":"ImageObject","inLanguage":"fr-FR","@id":"https:\/\/varadorlescala.com\/fr\/#\/schema\/logo\/image\/","url":"https:\/\/varadorlescala.com\/wp-content\/uploads\/2020\/03\/varador-lescala-logo@3x.png","contentUrl":"https:\/\/varadorlescala.com\/wp-content\/uploads\/2020\/03\/varador-lescala-logo@3x.png","width":525,"height":168,"caption":"Varador L'Escala"},"image":{"@id":"https:\/\/varadorlescala.com\/fr\/#\/schema\/logo\/image\/"},"sameAs":["https:\/\/www.facebook.com\/varadorlescala\/"]}]}},"_links":{"self":[{"href":"https:\/\/varadorlescala.com\/fr\/wp-json\/wp\/v2\/pages\/1335","targetHints":{"allow":["GET"]}}],"collection":[{"href":"https:\/\/varadorlescala.com\/fr\/wp-json\/wp\/v2\/pages"}],"about":[{"href":"https:\/\/varadorlescala.com\/fr\/wp-json\/wp\/v2\/types\/page"}],"author":[{"embeddable":true,"href":"https:\/\/varadorlescala.com\/fr\/wp-json\/wp\/v2\/users\/5"}],"replies":[{"embeddable":true,"href":"https:\/\/varadorlescala.com\/fr\/wp-json\/wp\/v2\/comments?post=1335"}],"version-history":[{"count":13,"href":"https:\/\/varadorlescala.com\/fr\/wp-json\/wp\/v2\/pages\/1335\/revisions"}],"predecessor-version":[{"id":6260,"href":"https:\/\/varadorlescala.com\/fr\/wp-json\/wp\/v2\/pages\/1335\/revisions\/6260"}],"wp:attachment":[{"href":"https:\/\/varadorlescala.com\/fr\/wp-json\/wp\/v2\/media?parent=1335"}],"curies":[{"name":"wp","href":"https:\/\/api.w.org\/{rel}","templated":true}]}}