{"id":837,"date":"2020-04-22T02:03:23","date_gmt":"2020-04-22T02:03:23","guid":{"rendered":"https:\/\/varadorlescala.com\/cookies\/"},"modified":"2020-04-22T02:03:56","modified_gmt":"2020-04-22T02:03:56","slug":"cookies","status":"publish","type":"page","link":"https:\/\/varadorlescala.com\/fr\/cookies\/","title":{"rendered":"Cookies"},"content":{"rendered":"\t\t<div data-elementor-type=\"wp-page\" data-elementor-id=\"837\" class=\"elementor elementor-837 elementor-154\" data-elementor-post-type=\"page\">\n\t\t\t\t\t\t<section class=\"elementor-section elementor-top-section elementor-element elementor-element-e2babf8 elementor-section-boxed elementor-section-height-default elementor-section-height-default\" data-id=\"e2babf8\" data-element_type=\"section\" data-e-type=\"section\">\n\t\t\t\t\t\t<div class=\"elementor-container elementor-column-gap-default\">\n\t\t\t\t\t<div class=\"elementor-column elementor-col-100 elementor-top-column elementor-element elementor-element-cfee827\" data-id=\"cfee827\" data-element_type=\"column\" data-e-type=\"column\">\n\t\t\t<div class=\"elementor-widget-wrap elementor-element-populated\">\n\t\t\t\t\t\t<div class=\"elementor-element elementor-element-6b35768 elementor-widget elementor-widget-heading\" data-id=\"6b35768\" data-element_type=\"widget\" data-e-type=\"widget\" data-widget_type=\"heading.default\">\n\t\t\t\t<div class=\"elementor-widget-container\">\n\t\t\t\t\t<h1 class=\"elementor-heading-title elementor-size-default\">Cookies<\/h1>\t\t\t\t<\/div>\n\t\t\t\t<\/div>\n\t\t\t\t<div class=\"elementor-element elementor-element-5285a75 elementor-widget elementor-widget-text-editor\" data-id=\"5285a75\" data-element_type=\"widget\" data-e-type=\"widget\" data-widget_type=\"text-editor.default\">\n\t\t\t\t<div class=\"elementor-widget-container\">\n\t\t\t\t\t\t\t\t\t<p><!-- \/wp:heading --><!-- wp:paragraph --><\/p>\n<p>Lorem ipsum dolor sit amet. Lorem ipsum dolor sit amet. Lorem ipsum dolor sit amet. Lorem ipsum dolor sit amet. Lorem ipsum dolor sit amet. Lorem ipsum dolor sit amet. Lorem ipsum dolor sit amet. Lorem ipsum dolor sit amet. Lorem ipsum dolor sit amet. Lorem ipsum dolor sit amet. Lorem ipsum dolor sit amet. Lorem ipsum dolor sit amet. Lorem ipsum dolor sit amet. <\/p>\n<h3><span style=\"font-size: 1.5em; font-weight: bold;\">Qu\u00e9 datos personales recogemos y por qu\u00e9 los recogemos<\/span><\/h3>\n<p><!-- \/wp:heading --><!-- wp:heading {\"level\":3} --><\/p>\n<h3>Comentarios<\/h3>\n<p><!-- \/wp:heading --><!-- wp:paragraph --><\/p>\n<p>Cuando los visitantes dejan comentarios en la web, recopilamos los datos que se muestran en el formulario de comentarios, as\u00ed como la direcci\u00f3n IP del visitante y la cadena de agentes de usuario del navegador para ayudar a la detecci\u00f3n de spam.<\/p>\n\t\t\t\t\t\t\t\t<\/div>\n\t\t\t\t<\/div>\n\t\t\t\t\t<\/div>\n\t\t<\/div>\n\t\t\t\t\t<\/div>\n\t\t<\/section>\n\t\t\t\t<\/div>\n\t\t","protected":false},"excerpt":{"rendered":"<p>Lorem ipsum dolor sit amet. Lorem ipsum dolor sit amet. Lorem ipsum dolor sit amet. Lorem ipsum dolor sit amet. Lorem ipsum dolor sit amet. Lorem ipsum dolor sit amet. Lorem ipsum dolor sit amet. Lorem ipsum dolor sit amet. Lorem ipsum dolor sit amet. Lorem ipsum dolor sit amet. Lorem ipsum dolor sit amet. &hellip;<\/p>\n<p class=\"read-more\"> <a class=\"\" href=\"https:\/\/varadorlescala.com\/fr\/cookies\/\"> <span class=\"screen-reader-text\">Cookies<\/span> Lire la suite\u00a0\u00bb<\/a><\/p>\n","protected":false},"author":5,"featured_media":0,"parent":0,"menu_order":0,"comment_status":"closed","ping_status":"closed","template":"","meta":{"footnotes":""},"class_list":["post-837","page","type-page","status-publish","hentry"],"yoast_head":"<!-- This site is optimized with the Yoast SEO plugin v27.5 - https:\/\/yoast.com\/product\/yoast-seo-wordpress\/ -->\n<title>Cookies - Varador L&#039;Escala<\/title>\n<meta name=\"robots\" content=\"index, follow, max-snippet:-1, max-image-preview:large, max-video-preview:-1\" \/>\n<link rel=\"canonical\" href=\"https:\/\/varadorlescala.com\/fr\/cookies\/\" \/>\n<meta property=\"og:locale\" content=\"fr_FR\" \/>\n<meta property=\"og:type\" content=\"article\" \/>\n<meta property=\"og:title\" content=\"Cookies - Varador L&#039;Escala\" \/>\n<meta property=\"og:description\" content=\"Lorem ipsum dolor sit amet. Lorem ipsum dolor sit amet. Lorem ipsum dolor sit amet. Lorem ipsum dolor sit amet. Lorem ipsum dolor sit amet. Lorem ipsum dolor sit amet. Lorem ipsum dolor sit amet. Lorem ipsum dolor sit amet. Lorem ipsum dolor sit amet. Lorem ipsum dolor sit amet. Lorem ipsum dolor sit amet. &hellip; Cookies Lire la suite\u00a0\u00bb\" \/>\n<meta property=\"og:url\" content=\"https:\/\/varadorlescala.com\/fr\/cookies\/\" \/>\n<meta property=\"og:site_name\" content=\"Varador L&#039;Escala\" \/>\n<meta property=\"article:publisher\" content=\"https:\/\/www.facebook.com\/varadorlescala\/\" \/>\n<meta property=\"article:modified_time\" content=\"2020-04-22T02:03:56+00:00\" \/>\n<meta name=\"twitter:card\" content=\"summary_large_image\" \/>\n<meta name=\"twitter:label1\" content=\"Dur\u00e9e de lecture estim\u00e9e\" \/>\n\t<meta name=\"twitter:data1\" content=\"1 minute\" \/>\n<script type=\"application\/ld+json\" class=\"yoast-schema-graph\">{\"@context\":\"https:\\\/\\\/schema.org\",\"@graph\":[{\"@type\":\"WebPage\",\"@id\":\"https:\\\/\\\/varadorlescala.com\\\/fr\\\/cookies\\\/\",\"url\":\"https:\\\/\\\/varadorlescala.com\\\/fr\\\/cookies\\\/\",\"name\":\"Cookies - Varador L&#039;Escala\",\"isPartOf\":{\"@id\":\"https:\\\/\\\/varadorlescala.com\\\/fr\\\/#website\"},\"datePublished\":\"2020-04-22T02:03:23+00:00\",\"dateModified\":\"2020-04-22T02:03:56+00:00\",\"breadcrumb\":{\"@id\":\"https:\\\/\\\/varadorlescala.com\\\/fr\\\/cookies\\\/#breadcrumb\"},\"inLanguage\":\"fr-FR\",\"potentialAction\":[{\"@type\":\"ReadAction\",\"target\":[\"https:\\\/\\\/varadorlescala.com\\\/fr\\\/cookies\\\/\"]}]},{\"@type\":\"BreadcrumbList\",\"@id\":\"https:\\\/\\\/varadorlescala.com\\\/fr\\\/cookies\\\/#breadcrumb\",\"itemListElement\":[{\"@type\":\"ListItem\",\"position\":1,\"name\":\"Home\",\"item\":\"https:\\\/\\\/varadorlescala.com\\\/fr\\\/\"},{\"@type\":\"ListItem\",\"position\":2,\"name\":\"Cookies\"}]},{\"@type\":\"WebSite\",\"@id\":\"https:\\\/\\\/varadorlescala.com\\\/fr\\\/#website\",\"url\":\"https:\\\/\\\/varadorlescala.com\\\/fr\\\/\",\"name\":\"Varador L&#039;Escala\",\"description\":\"Varador L&#039;Escala\",\"publisher\":{\"@id\":\"https:\\\/\\\/varadorlescala.com\\\/fr\\\/#organization\"},\"potentialAction\":[{\"@type\":\"SearchAction\",\"target\":{\"@type\":\"EntryPoint\",\"urlTemplate\":\"https:\\\/\\\/varadorlescala.com\\\/fr\\\/?s={search_term_string}\"},\"query-input\":{\"@type\":\"PropertyValueSpecification\",\"valueRequired\":true,\"valueName\":\"search_term_string\"}}],\"inLanguage\":\"fr-FR\"},{\"@type\":\"Organization\",\"@id\":\"https:\\\/\\\/varadorlescala.com\\\/fr\\\/#organization\",\"name\":\"Varador L'Escala\",\"url\":\"https:\\\/\\\/varadorlescala.com\\\/fr\\\/\",\"logo\":{\"@type\":\"ImageObject\",\"inLanguage\":\"fr-FR\",\"@id\":\"https:\\\/\\\/varadorlescala.com\\\/fr\\\/#\\\/schema\\\/logo\\\/image\\\/\",\"url\":\"https:\\\/\\\/varadorlescala.com\\\/wp-content\\\/uploads\\\/2020\\\/03\\\/varador-lescala-logo@3x.png\",\"contentUrl\":\"https:\\\/\\\/varadorlescala.com\\\/wp-content\\\/uploads\\\/2020\\\/03\\\/varador-lescala-logo@3x.png\",\"width\":525,\"height\":168,\"caption\":\"Varador L'Escala\"},\"image\":{\"@id\":\"https:\\\/\\\/varadorlescala.com\\\/fr\\\/#\\\/schema\\\/logo\\\/image\\\/\"},\"sameAs\":[\"https:\\\/\\\/www.facebook.com\\\/varadorlescala\\\/\"]}]}<\/script>\n<!-- \/ Yoast SEO plugin. -->","yoast_head_json":{"title":"Cookies - Varador L&#039;Escala","robots":{"index":"index","follow":"follow","max-snippet":"max-snippet:-1","max-image-preview":"max-image-preview:large","max-video-preview":"max-video-preview:-1"},"canonical":"https:\/\/varadorlescala.com\/fr\/cookies\/","og_locale":"fr_FR","og_type":"article","og_title":"Cookies - Varador L&#039;Escala","og_description":"Lorem ipsum dolor sit amet. Lorem ipsum dolor sit amet. Lorem ipsum dolor sit amet. Lorem ipsum dolor sit amet. Lorem ipsum dolor sit amet. Lorem ipsum dolor sit amet. Lorem ipsum dolor sit amet. Lorem ipsum dolor sit amet. Lorem ipsum dolor sit amet. Lorem ipsum dolor sit amet. Lorem ipsum dolor sit amet. &hellip; Cookies Lire la suite\u00a0\u00bb","og_url":"https:\/\/varadorlescala.com\/fr\/cookies\/","og_site_name":"Varador L&#039;Escala","article_publisher":"https:\/\/www.facebook.com\/varadorlescala\/","article_modified_time":"2020-04-22T02:03:56+00:00","twitter_card":"summary_large_image","twitter_misc":{"Dur\u00e9e de lecture estim\u00e9e":"1 minute"},"schema":{"@context":"https:\/\/schema.org","@graph":[{"@type":"WebPage","@id":"https:\/\/varadorlescala.com\/fr\/cookies\/","url":"https:\/\/varadorlescala.com\/fr\/cookies\/","name":"Cookies - Varador L&#039;Escala","isPartOf":{"@id":"https:\/\/varadorlescala.com\/fr\/#website"},"datePublished":"2020-04-22T02:03:23+00:00","dateModified":"2020-04-22T02:03:56+00:00","breadcrumb":{"@id":"https:\/\/varadorlescala.com\/fr\/cookies\/#breadcrumb"},"inLanguage":"fr-FR","potentialAction":[{"@type":"ReadAction","target":["https:\/\/varadorlescala.com\/fr\/cookies\/"]}]},{"@type":"BreadcrumbList","@id":"https:\/\/varadorlescala.com\/fr\/cookies\/#breadcrumb","itemListElement":[{"@type":"ListItem","position":1,"name":"Home","item":"https:\/\/varadorlescala.com\/fr\/"},{"@type":"ListItem","position":2,"name":"Cookies"}]},{"@type":"WebSite","@id":"https:\/\/varadorlescala.com\/fr\/#website","url":"https:\/\/varadorlescala.com\/fr\/","name":"Varador L&#039;Escala","description":"Varador L&#039;Escala","publisher":{"@id":"https:\/\/varadorlescala.com\/fr\/#organization"},"potentialAction":[{"@type":"SearchAction","target":{"@type":"EntryPoint","urlTemplate":"https:\/\/varadorlescala.com\/fr\/?s={search_term_string}"},"query-input":{"@type":"PropertyValueSpecification","valueRequired":true,"valueName":"search_term_string"}}],"inLanguage":"fr-FR"},{"@type":"Organization","@id":"https:\/\/varadorlescala.com\/fr\/#organization","name":"Varador L'Escala","url":"https:\/\/varadorlescala.com\/fr\/","logo":{"@type":"ImageObject","inLanguage":"fr-FR","@id":"https:\/\/varadorlescala.com\/fr\/#\/schema\/logo\/image\/","url":"https:\/\/varadorlescala.com\/wp-content\/uploads\/2020\/03\/varador-lescala-logo@3x.png","contentUrl":"https:\/\/varadorlescala.com\/wp-content\/uploads\/2020\/03\/varador-lescala-logo@3x.png","width":525,"height":168,"caption":"Varador L'Escala"},"image":{"@id":"https:\/\/varadorlescala.com\/fr\/#\/schema\/logo\/image\/"},"sameAs":["https:\/\/www.facebook.com\/varadorlescala\/"]}]}},"_links":{"self":[{"href":"https:\/\/varadorlescala.com\/fr\/wp-json\/wp\/v2\/pages\/837","targetHints":{"allow":["GET"]}}],"collection":[{"href":"https:\/\/varadorlescala.com\/fr\/wp-json\/wp\/v2\/pages"}],"about":[{"href":"https:\/\/varadorlescala.com\/fr\/wp-json\/wp\/v2\/types\/page"}],"author":[{"embeddable":true,"href":"https:\/\/varadorlescala.com\/fr\/wp-json\/wp\/v2\/users\/5"}],"replies":[{"embeddable":true,"href":"https:\/\/varadorlescala.com\/fr\/wp-json\/wp\/v2\/comments?post=837"}],"version-history":[{"count":3,"href":"https:\/\/varadorlescala.com\/fr\/wp-json\/wp\/v2\/pages\/837\/revisions"}],"predecessor-version":[{"id":841,"href":"https:\/\/varadorlescala.com\/fr\/wp-json\/wp\/v2\/pages\/837\/revisions\/841"}],"wp:attachment":[{"href":"https:\/\/varadorlescala.com\/fr\/wp-json\/wp\/v2\/media?parent=837"}],"curies":[{"name":"wp","href":"https:\/\/api.w.org\/{rel}","templated":true}]}}